{"id":7263,"date":"2025-08-17T11:16:58","date_gmt":"2025-08-17T14:16:58","guid":{"rendered":"https:\/\/michelealvino.com.br\/chacara\/?page_id=7263"},"modified":"2025-09-03T11:31:08","modified_gmt":"2025-09-03T14:31:08","slug":"chacara-para-retiros-religiosos-em-araucaria","status":"publish","type":"page","link":"https:\/\/michelealvino.com.br\/chacara\/eventos\/chacara-para-retiros-religiosos-em-araucaria\/","title":{"rendered":"Ch\u00e1cara para Retiros Religiosos em Arauc\u00e1ria"},"content":{"rendered":"<div class=\"wpb-content-wrapper\"><p>[vc_row el_class=&#8221;sobre section&#8221;][vc_column width=&#8221;1\/2&#8243;][vc_custom_heading text=&#8221;Um ref\u00fagio de paz para sua f\u00e9&#8221; use_theme_fonts=&#8221;yes&#8221; css=&#8221;&#8221;][vc_column_text css=&#8221;&#8221;]<\/p>\n<p data-start=\"198\" data-end=\"467\">A Ch\u00e1cara dos Pinheirais \u00e9 o lugar ideal para retiros religiosos, encontros espirituais e momentos de conex\u00e3o com a f\u00e9. Cercado de muito verde, lago e natureza preservada, nosso espa\u00e7o proporciona o ambiente perfeito para reflex\u00e3o, ora\u00e7\u00e3o e fortalecimento espiritual.<\/p>\n<p data-start=\"469\" data-end=\"713\">Com dormit\u00f3rios, refeit\u00f3rio, cozinha industrial e \u00e1reas amplas, oferecemos toda a estrutura para receber grupos de at\u00e9 150 pessoas com conforto e tranquilidade. Aqui, cada detalhe \u00e9 pensado para que sua experi\u00eancia seja completa e acolhedora.<\/p>\n<p data-start=\"715\" data-end=\"879\">Localizada a apenas 35km de Curitiba, em Arauc\u00e1ria, a ch\u00e1cara possui 80.000 m\u00b2 de natureza, excelente vista para o lago e toda a serenidade que um retiro precisa.<\/p>\n<p>[\/vc_column_text][vc_raw_html css=&#8221;&#8221;]JTNDYSUyMGhyZWYlM0QlMjJodHRwcyUzQSUyRiUyRndhLm1lJTJGNTU0MTk5NTUyNTM5MCUyMiUyMGNsYXNzJTNEJTIyd2hhdHNhcHAlMjIlMjB0YXJnZXQlM0QlMjJfYmxhbmslMjIlM0UlM0NpJTIwY2xhc3MlM0QlMjJmYSUyMGZhLXdoYXRzYXBwJTIyJTNFJTNDJTJGaSUzRSUyMFdoYXRzQXBwJTNDJTJGYSUzRQ==[\/vc_raw_html][\/vc_column][vc_column width=&#8221;1\/2&#8243;][vc_single_image image=&#8221;7237&#8243; img_size=&#8221;full&#8221; alignment=&#8221;center&#8221; css=&#8221;&#8221;][\/vc_column][\/vc_row][vc_row full_width=&#8221;stretch_row&#8221; el_class=&#8221;estrutura section green&#8221;][vc_column][vc_media_grid css=&#8221;&#8221; grid_id=&#8221;vc_gid:1756909864224-9465902f-d018-1&#8243; include=&#8221;7463,7446,7431,7430,7429,7428,7427,7426,7421&#8243;][\/vc_column][\/vc_row][vc_row el_class=&#8221;section local&#8221;][vc_column width=&#8221;1\/2&#8243;][vc_raw_html css=&#8221;&#8221;]JTNDZGl2JTIwY2xhc3MlM0QlMjJjYXJkJTIyJTNFJTBEJTBBJTIwJTIwJTIwJTIwJTNDZGl2JTIwY2xhc3MlM0QlMjJjYXJkLWltYWdlJTIyJTNFJTBEJTBBJTIwJTIwJTIwJTIwJTIwJTIwJTIwJTIwJTNDaW1nJTIwc3JjJTNEJTIyaHR0cHMlM0ElMkYlMkZndXVsaXZlci5jb20uYnIlMkZwcm9qZXRvcyUyRmNoYWNhcmElMkZ3cC1jb250ZW50JTJGdXBsb2FkcyUyRjIwMjUlMkYwOCUyRmNhbXBvLWRlLWZ1dGVib2wuanBnJTIyJTIwYWx0JTNEJTIyJTIyJTNFJTBEJTBBJTIwJTIwJTIwJTIwJTNDJTJGZGl2JTNFJTBEJTBBJTIwJTIwJTIwJTIwJTNDZGl2JTIwY2xhc3MlM0QlMjJjYXJkLXRleHRvJTIyJTNFJTBEJTBBJTIwJTIwJTIwJTIwJTIwJTIwJTIwJTIwJTNDaDQlM0VDb21wbGV0YSUyMGVzdHJ1dHVyYSUyMGRlJTIwbGF6ZXIlM0MlMkZoNCUzRSUwRCUwQSUyMCUyMCUyMCUyMCUyMCUyMCUyMCUyMCUzQ3VsJTNFJTBEJTBBJTIwJTIwJTIwJTIwJTIwJTIwJTIwJTIwJTIwJTIwJTIwJTIwJTNDbGklM0VQbGF5Z3JvdW5kJTNDJTJGbGklM0UlMEQlMEElMjAlMjAlMjAlMjAlMjAlMjAlMjAlMjAlMjAlMjAlMjAlMjAlM0NsaSUzRUNhbXBvJTIwZGUlMjBmdXRlYm9sJTNDJTJGbGklM0UlMEQlMEElMjAlMjAlMjAlMjAlMjAlMjAlMjAlMjAlMjAlMjAlMjAlMjAlM0NsaSUzRVF1YWRyYSUyMHBvbGllc3BvcnRpdmElM0MlMkZsaSUzRSUwRCUwQSUyMCUyMCUyMCUyMCUyMCUyMCUyMCUyMCUyMCUyMCUyMCUyMCUzQ2xpJTNFUGVzY2ElMjBlc3BvcnRpdmElM0MlMkZsaSUzRSUwRCUwQSUyMCUyMCUyMCUyMCUyMCUyMCUyMCUyMCUyMCUyMCUyMCUyMCUzQ2xpJTNFUGlzY2luYSUzQyUyRmxpJTNFJTBEJTBBJTIwJTIwJTIwJTIwJTIwJTIwJTIwJTIwJTNDJTJGdWwlM0UlMEQlMEElMjAlMjAlMjAlMjAlM0MlMkZkaXYlM0UlMEQlMEElM0MlMkZkaXYlM0U=[\/vc_raw_html][\/vc_column][vc_column width=&#8221;1\/2&#8243;][vc_raw_html css=&#8221;&#8221;]JTNDZGl2JTIwY2xhc3MlM0QlMjJjYXJkJTIyJTNFJTBEJTBBJTIwJTIwJTIwJTIwJTNDZGl2JTIwY2xhc3MlM0QlMjJjYXJkLWltYWdlJTIyJTNFJTBEJTBBJTIwJTIwJTIwJTIwJTIwJTIwJTIwJTIwJTNDaW1nJTIwc3JjJTNEJTIyaHR0cHMlM0ElMkYlMkZndXVsaXZlci5jb20uYnIlMkZwcm9qZXRvcyUyRmNoYWNhcmElMkZ3cC1jb250ZW50JTJGdXBsb2FkcyUyRjIwMjUlMkYwOCUyRmxhZ28uanBnJTIyJTIwYWx0JTNEJTIyJTIyJTNFJTBEJTBBJTIwJTIwJTIwJTIwJTNDJTJGZGl2JTNFJTBEJTBBJTIwJTIwJTIwJTIwJTNDZGl2JTIwY2xhc3MlM0QlMjJjYXJkLXRleHRvJTIyJTNFJTBEJTBBJTIwJTIwJTIwJTIwJTIwJTIwJTIwJTIwJTNDaDQlM0VMb2NhbCUyMGNlcmNhZG8lMjBwZWxhJTIwbmF0dXJlemElM0MlMkZoNCUzRSUwRCUwQSUyMCUyMCUyMCUyMCUyMCUyMCUyMCUyMCUzQ3VsJTNFJTBEJTBBJTIwJTIwJTIwJTIwJTIwJTIwJTIwJTIwJTIwJTIwJTIwJTIwJTNDbGklM0VMYWdvJTNDJTJGbGklM0UlMEQlMEElMjAlMjAlMjAlMjAlMjAlMjAlMjAlMjAlMjAlMjAlMjAlMjAlM0NsaSUzRUVzcGElQzMlQTdvJTIwcGFyYSUyMGNhbXBpbmclM0MlMkZsaSUzRSUwRCUwQSUyMCUyMCUyMCUyMCUyMCUyMCUyMCUyMCUyMCUyMCUyMCUyMCUzQ2xpJTNFVHJpbGhhJTIwZWNvbCVDMyVCM2dpY2ElM0MlMkZsaSUzRSUwRCUwQSUyMCUyMCUyMCUyMCUyMCUyMCUyMCUyMCUyMCUyMCUyMCUyMCUzQ2xpJTNFQm9zcXVlJTNDJTJGbGklM0UlMEQlMEElMjAlMjAlMjAlMjAlMjAlMjAlMjAlMjAlMjAlMjAlMjAlMjAlM0NsaSUzRUNhc2ElMjBjZW50ZW4lQzMlQTFyaWElM0MlMkZsaSUzRSUwRCUwQSUyMCUyMCUyMCUyMCUyMCUyMCUyMCUyMCUzQyUyRnVsJTNFJTBEJTBBJTIwJTIwJTIwJTIwJTNDJTJGZGl2JTNFJTBEJTBBJTNDJTJGZGl2JTNF[\/vc_raw_html][\/vc_column][\/vc_row][vc_row el_class=&#8221;section contato&#8221;][vc_column width=&#8221;1\/2&#8243;][vc_custom_heading text=&#8221;Consulte a disponibilidade&#8221; use_theme_fonts=&#8221;yes&#8221; css=&#8221;&#8221;][vc_column_text css=&#8221;&#8221;]<span class=\"a_GcMg font-feature-liga-off font-feature-clig-off font-feature-calt-off text-decoration-none text-strikethrough-none\">Entre em contato conosco para verificar a disponibilidade da data e organizar seu evento do jeito que voc\u00ea imagina.<\/span>[\/vc_column_text][vc_raw_html css=&#8221;&#8221;]JTNDYSUyMGhyZWYlM0QlMjJ0ZWwlM0E0MTk5NTUyNTM5MCUyMiUzRSUzQ2klMjBjbGFzcyUzRCUyMmZhJTIwZmEtcGhvbmUlMjIlM0UlM0MlMkZpJTNFJTIwJTI4NDElMjklMjA5JTIwOTU1Mi01MzkwJTNDJTJGYSUzRSUyMCUzQ2JyJTNFJTBEJTBBJTNDYSUyMGhyZWYlM0QlMjJodHRwcyUzQSUyRiUyRndhLm1lJTJGNTU0MTk5NTUyNTM5MCUyMiUyMHRhcmdldCUzRCUyMl9ibGFuayUyMiUzRSUzQ2klMjBjbGFzcyUzRCUyMmZhJTIwZmEtd2hhdHNhcHAlMjIlM0UlM0MlMkZpJTNFJTIwJTI4NDElMjklMjA5JTIwOTU1Mi01MzkwJTNDJTJGYSUzRSUyMCUzQ2JyJTNFJTBEJTBBJTNDYSUyMGhyZWYlM0QlMjJodHRwcyUzQSUyRiUyRm1hcHMuYXBwLmdvby5nbCUyRldqUkZtYWprREc5eHN5RnE5JTIyJTIwdGFyZ2V0JTNEJTIyX2JsYW5rJTIyJTNFJTNDaSUyMGNsYXNzJTNEJTIyZmElMjBmYS1tYXAtbWFya2VyJTIyJTNFJTNDJTJGaSUzRSUyMFJ1YSUyMERvbmElMjBNYXJpYSUyMGRlJTIwTG91cmRlcyUyMEZyYW56b2klMkMlMjA5NjAlMjAlM0NiciUzRSUyMEJhaXJybyUyMFJpbyUyMEFiYWl4aW5obyUyQyUyMEFyYXVjJUMzJUExcmlhJTJGUFIlMjAlM0NiciUzRSUyMFJlZmVyJUMzJUFBbmNpYSUyMFJvZC4lMjBkbyUyMFhpc3RvJTIwJTI4QlI0NzYlMjklMjAlRTIlODAlOTMlMjBBbHR1cmElMjBkbyUyMEtNJTIwMjglM0MlMkZhJTNF[\/vc_raw_html][\/vc_column][vc_column width=&#8221;1\/2&#8243;][vc_raw_html css=&#8221;&#8221;]JTNDaWZyYW1lJTIwc3JjJTNEJTIyaHR0cHMlM0ElMkYlMkZ3d3cuZ29vZ2xlLmNvbSUyRm1hcHMlMkZlbWJlZCUzRnBiJTNEJTIxMW0xOCUyMTFtMTIlMjExbTMlMjExZDM1OTcuMzk1ODgzODU4ODczMyUyMTJkLTQ5LjQ1NjA0MDY5OTk5OTk5NiUyMTNkLTI1LjYyNDk4MzMwMDAwMDAwNCUyMTJtMyUyMTFmMCUyMTJmMCUyMTNmMCUyMTNtMiUyMTFpMTAyNCUyMTJpNzY4JTIxNGYxMy4xJTIxM20zJTIxMW0yJTIxMXMweDk0ZGQwNDFiMzVjYzQ3ZmQlMjUzQTB4YzRmOGI2YTRjNzM1NjcxZCUyMTJzQ2glMjVDMyUyNUExY2FyYSUyNTIwZG9zJTI1MjBQaW5oZWlyYWlzJTIxNWUwJTIxM20yJTIxMXNwdC1CUiUyMTJzYnIlMjE0djE3NTU0MjkzMDc2NzglMjE1bTIlMjExc3B0LUJSJTIxMnNiciUyMiUyMHdpZHRoJTNEJTIyODAwJTIyJTIwaGVpZ2h0JTNEJTIyNjAwJTIyJTIwc3R5bGUlM0QlMjJib3JkZXIlM0EwJTNCJTIyJTIwYWxsb3dmdWxsc2NyZWVuJTNEJTIyJTIyJTIwbG9hZGluZyUzRCUyMmxhenklMjIlMjByZWZlcnJlcnBvbGljeSUzRCUyMm5vLXJlZmVycmVyLXdoZW4tZG93bmdyYWRlJTIyJTNFJTNDJTJGaWZyYW1lJTNF[\/vc_raw_html][\/vc_column][\/vc_row]<\/p>\n<\/div>","protected":false},"excerpt":{"rendered":"<p>[vc_row el_class=&#8221;sobre section&#8221;][vc_column width=&#8221;1\/2&#8243;][vc_custom_heading text=&#8221;Um ref\u00fagio de paz para sua f\u00e9&#8221; use_theme_fonts=&#8221;yes&#8221; css=&#8221;&#8221;][vc_column_text css=&#8221;&#8221;] A Ch\u00e1cara dos Pinheirais \u00e9 o lugar ideal para retiros religiosos, encontros espirituais e momentos de conex\u00e3o com a f\u00e9. Cercado de muito verde, lago e natureza preservada, nosso espa\u00e7o proporciona o ambiente perfeito para reflex\u00e3o, ora\u00e7\u00e3o e fortalecimento espiritual. Com<\/p>\n","protected":false},"author":1,"featured_media":0,"parent":7214,"menu_order":0,"comment_status":"closed","ping_status":"closed","template":"","meta":{"footnotes":""},"class_list":["post-7263","page","type-page","status-publish","hentry"],"yoast_head":"<!-- This site is optimized with the Yoast SEO plugin v25.7 - https:\/\/yoast.com\/wordpress\/plugins\/seo\/ -->\n<title>Ch\u00e1cara para Retiros Religiosos em Arauc\u00e1ria - Ch\u00e1cara<\/title>\n<meta name=\"robots\" content=\"index, follow, max-snippet:-1, max-image-preview:large, max-video-preview:-1\" \/>\n<link rel=\"canonical\" href=\"https:\/\/michelealvino.com.br\/chacara\/eventos\/chacara-para-retiros-religiosos-em-araucaria\/\" \/>\n<meta property=\"og:locale\" content=\"pt_BR\" \/>\n<meta property=\"og:type\" content=\"article\" \/>\n<meta property=\"og:title\" content=\"Ch\u00e1cara para Retiros Religiosos em Arauc\u00e1ria - Ch\u00e1cara\" \/>\n<meta property=\"og:description\" content=\"[vc_row el_class=&#8221;sobre section&#8221;][vc_column width=&#8221;1\/2&#8243;][vc_custom_heading text=&#8221;Um ref\u00fagio de paz para sua f\u00e9&#8221; use_theme_fonts=&#8221;yes&#8221; css=&#8221;&#8221;][vc_column_text css=&#8221;&#8221;] A Ch\u00e1cara dos Pinheirais \u00e9 o lugar ideal para retiros religiosos, encontros espirituais e momentos de conex\u00e3o com a f\u00e9. Cercado de muito verde, lago e natureza preservada, nosso espa\u00e7o proporciona o ambiente perfeito para reflex\u00e3o, ora\u00e7\u00e3o e fortalecimento espiritual. Com\" \/>\n<meta property=\"og:url\" content=\"https:\/\/michelealvino.com.br\/chacara\/eventos\/chacara-para-retiros-religiosos-em-araucaria\/\" \/>\n<meta property=\"og:site_name\" content=\"Ch\u00e1cara\" \/>\n<meta property=\"article:modified_time\" content=\"2025-09-03T14:31:08+00:00\" \/>\n<meta name=\"twitter:card\" content=\"summary_large_image\" \/>\n<meta name=\"twitter:label1\" content=\"Est. tempo de leitura\" \/>\n\t<meta name=\"twitter:data1\" content=\"2 minutos\" \/>\n<script type=\"application\/ld+json\" class=\"yoast-schema-graph\">{\"@context\":\"https:\/\/schema.org\",\"@graph\":[{\"@type\":\"WebPage\",\"@id\":\"https:\/\/michelealvino.com.br\/chacara\/eventos\/chacara-para-retiros-religiosos-em-araucaria\/\",\"url\":\"https:\/\/michelealvino.com.br\/chacara\/eventos\/chacara-para-retiros-religiosos-em-araucaria\/\",\"name\":\"Ch\u00e1cara para Retiros Religiosos em Arauc\u00e1ria - Ch\u00e1cara\",\"isPartOf\":{\"@id\":\"https:\/\/michelealvino.com.br\/chacara\/#website\"},\"datePublished\":\"2025-08-17T14:16:58+00:00\",\"dateModified\":\"2025-09-03T14:31:08+00:00\",\"breadcrumb\":{\"@id\":\"https:\/\/michelealvino.com.br\/chacara\/eventos\/chacara-para-retiros-religiosos-em-araucaria\/#breadcrumb\"},\"inLanguage\":\"pt-BR\",\"potentialAction\":[{\"@type\":\"ReadAction\",\"target\":[\"https:\/\/michelealvino.com.br\/chacara\/eventos\/chacara-para-retiros-religiosos-em-araucaria\/\"]}]},{\"@type\":\"BreadcrumbList\",\"@id\":\"https:\/\/michelealvino.com.br\/chacara\/eventos\/chacara-para-retiros-religiosos-em-araucaria\/#breadcrumb\",\"itemListElement\":[{\"@type\":\"ListItem\",\"position\":1,\"name\":\"In\u00edcio\",\"item\":\"https:\/\/michelealvino.com.br\/chacara\/\"},{\"@type\":\"ListItem\",\"position\":2,\"name\":\"Eventos\",\"item\":\"https:\/\/michelealvino.com.br\/chacara\/eventos\/\"},{\"@type\":\"ListItem\",\"position\":3,\"name\":\"Ch\u00e1cara para Retiros Religiosos em Arauc\u00e1ria\"}]},{\"@type\":\"WebSite\",\"@id\":\"https:\/\/michelealvino.com.br\/chacara\/#website\",\"url\":\"https:\/\/michelealvino.com.br\/chacara\/\",\"name\":\"Ch\u00e1cara dos Pinheirais\",\"description\":\"\",\"publisher\":{\"@id\":\"https:\/\/michelealvino.com.br\/chacara\/#organization\"},\"potentialAction\":[{\"@type\":\"SearchAction\",\"target\":{\"@type\":\"EntryPoint\",\"urlTemplate\":\"https:\/\/michelealvino.com.br\/chacara\/?s={search_term_string}\"},\"query-input\":{\"@type\":\"PropertyValueSpecification\",\"valueRequired\":true,\"valueName\":\"search_term_string\"}}],\"inLanguage\":\"pt-BR\"},{\"@type\":\"Organization\",\"@id\":\"https:\/\/michelealvino.com.br\/chacara\/#organization\",\"name\":\"Ch\u00e1cara dos Pinheirais\",\"url\":\"https:\/\/michelealvino.com.br\/chacara\/\",\"logo\":{\"@type\":\"ImageObject\",\"inLanguage\":\"pt-BR\",\"@id\":\"https:\/\/michelealvino.com.br\/chacara\/#\/schema\/logo\/image\/\",\"url\":\"https:\/\/michelealvino.com.br\/chacara\/wp-content\/uploads\/2025\/08\/Screenshot-from-2025-08-15-15-16-20.png\",\"contentUrl\":\"https:\/\/michelealvino.com.br\/chacara\/wp-content\/uploads\/2025\/08\/Screenshot-from-2025-08-15-15-16-20.png\",\"width\":812,\"height\":343,\"caption\":\"Ch\u00e1cara dos Pinheirais\"},\"image\":{\"@id\":\"https:\/\/michelealvino.com.br\/chacara\/#\/schema\/logo\/image\/\"}}]}<\/script>\n<!-- \/ Yoast SEO plugin. -->","yoast_head_json":{"title":"Ch\u00e1cara para Retiros Religiosos em Arauc\u00e1ria - Ch\u00e1cara","robots":{"index":"index","follow":"follow","max-snippet":"max-snippet:-1","max-image-preview":"max-image-preview:large","max-video-preview":"max-video-preview:-1"},"canonical":"https:\/\/michelealvino.com.br\/chacara\/eventos\/chacara-para-retiros-religiosos-em-araucaria\/","og_locale":"pt_BR","og_type":"article","og_title":"Ch\u00e1cara para Retiros Religiosos em Arauc\u00e1ria - Ch\u00e1cara","og_description":"[vc_row el_class=&#8221;sobre section&#8221;][vc_column width=&#8221;1\/2&#8243;][vc_custom_heading text=&#8221;Um ref\u00fagio de paz para sua f\u00e9&#8221; use_theme_fonts=&#8221;yes&#8221; css=&#8221;&#8221;][vc_column_text css=&#8221;&#8221;] A Ch\u00e1cara dos Pinheirais \u00e9 o lugar ideal para retiros religiosos, encontros espirituais e momentos de conex\u00e3o com a f\u00e9. Cercado de muito verde, lago e natureza preservada, nosso espa\u00e7o proporciona o ambiente perfeito para reflex\u00e3o, ora\u00e7\u00e3o e fortalecimento espiritual. Com","og_url":"https:\/\/michelealvino.com.br\/chacara\/eventos\/chacara-para-retiros-religiosos-em-araucaria\/","og_site_name":"Ch\u00e1cara","article_modified_time":"2025-09-03T14:31:08+00:00","twitter_card":"summary_large_image","twitter_misc":{"Est. tempo de leitura":"2 minutos"},"schema":{"@context":"https:\/\/schema.org","@graph":[{"@type":"WebPage","@id":"https:\/\/michelealvino.com.br\/chacara\/eventos\/chacara-para-retiros-religiosos-em-araucaria\/","url":"https:\/\/michelealvino.com.br\/chacara\/eventos\/chacara-para-retiros-religiosos-em-araucaria\/","name":"Ch\u00e1cara para Retiros Religiosos em Arauc\u00e1ria - Ch\u00e1cara","isPartOf":{"@id":"https:\/\/michelealvino.com.br\/chacara\/#website"},"datePublished":"2025-08-17T14:16:58+00:00","dateModified":"2025-09-03T14:31:08+00:00","breadcrumb":{"@id":"https:\/\/michelealvino.com.br\/chacara\/eventos\/chacara-para-retiros-religiosos-em-araucaria\/#breadcrumb"},"inLanguage":"pt-BR","potentialAction":[{"@type":"ReadAction","target":["https:\/\/michelealvino.com.br\/chacara\/eventos\/chacara-para-retiros-religiosos-em-araucaria\/"]}]},{"@type":"BreadcrumbList","@id":"https:\/\/michelealvino.com.br\/chacara\/eventos\/chacara-para-retiros-religiosos-em-araucaria\/#breadcrumb","itemListElement":[{"@type":"ListItem","position":1,"name":"In\u00edcio","item":"https:\/\/michelealvino.com.br\/chacara\/"},{"@type":"ListItem","position":2,"name":"Eventos","item":"https:\/\/michelealvino.com.br\/chacara\/eventos\/"},{"@type":"ListItem","position":3,"name":"Ch\u00e1cara para Retiros Religiosos em Arauc\u00e1ria"}]},{"@type":"WebSite","@id":"https:\/\/michelealvino.com.br\/chacara\/#website","url":"https:\/\/michelealvino.com.br\/chacara\/","name":"Ch\u00e1cara dos Pinheirais","description":"","publisher":{"@id":"https:\/\/michelealvino.com.br\/chacara\/#organization"},"potentialAction":[{"@type":"SearchAction","target":{"@type":"EntryPoint","urlTemplate":"https:\/\/michelealvino.com.br\/chacara\/?s={search_term_string}"},"query-input":{"@type":"PropertyValueSpecification","valueRequired":true,"valueName":"search_term_string"}}],"inLanguage":"pt-BR"},{"@type":"Organization","@id":"https:\/\/michelealvino.com.br\/chacara\/#organization","name":"Ch\u00e1cara dos Pinheirais","url":"https:\/\/michelealvino.com.br\/chacara\/","logo":{"@type":"ImageObject","inLanguage":"pt-BR","@id":"https:\/\/michelealvino.com.br\/chacara\/#\/schema\/logo\/image\/","url":"https:\/\/michelealvino.com.br\/chacara\/wp-content\/uploads\/2025\/08\/Screenshot-from-2025-08-15-15-16-20.png","contentUrl":"https:\/\/michelealvino.com.br\/chacara\/wp-content\/uploads\/2025\/08\/Screenshot-from-2025-08-15-15-16-20.png","width":812,"height":343,"caption":"Ch\u00e1cara dos Pinheirais"},"image":{"@id":"https:\/\/michelealvino.com.br\/chacara\/#\/schema\/logo\/image\/"}}]}},"_links":{"self":[{"href":"https:\/\/michelealvino.com.br\/chacara\/wp-json\/wp\/v2\/pages\/7263","targetHints":{"allow":["GET"]}}],"collection":[{"href":"https:\/\/michelealvino.com.br\/chacara\/wp-json\/wp\/v2\/pages"}],"about":[{"href":"https:\/\/michelealvino.com.br\/chacara\/wp-json\/wp\/v2\/types\/page"}],"author":[{"embeddable":true,"href":"https:\/\/michelealvino.com.br\/chacara\/wp-json\/wp\/v2\/users\/1"}],"replies":[{"embeddable":true,"href":"https:\/\/michelealvino.com.br\/chacara\/wp-json\/wp\/v2\/comments?post=7263"}],"version-history":[{"count":11,"href":"https:\/\/michelealvino.com.br\/chacara\/wp-json\/wp\/v2\/pages\/7263\/revisions"}],"predecessor-version":[{"id":7469,"href":"https:\/\/michelealvino.com.br\/chacara\/wp-json\/wp\/v2\/pages\/7263\/revisions\/7469"}],"up":[{"embeddable":true,"href":"https:\/\/michelealvino.com.br\/chacara\/wp-json\/wp\/v2\/pages\/7214"}],"wp:attachment":[{"href":"https:\/\/michelealvino.com.br\/chacara\/wp-json\/wp\/v2\/media?parent=7263"}],"curies":[{"name":"wp","href":"https:\/\/api.w.org\/{rel}","templated":true}]}}