{"id":7221,"date":"2025-08-17T09:58:40","date_gmt":"2025-08-17T12:58:40","guid":{"rendered":"https:\/\/michelealvino.com.br\/chacara\/?page_id=7221"},"modified":"2025-08-20T10:46:19","modified_gmt":"2025-08-20T13:46:19","slug":"contato","status":"publish","type":"page","link":"https:\/\/michelealvino.com.br\/chacara\/contato\/","title":{"rendered":"Contato e Localiza\u00e7\u00e3o"},"content":{"rendered":"<div class=\"wpb-content-wrapper\"><p>[vc_row el_class=&#8221;section contato&#8221;][vc_column width=&#8221;1\/2&#8243;][vc_column_text css=&#8221;&#8221;]<span class=\"a_GcMg font-feature-liga-off font-feature-clig-off font-feature-calt-off text-decoration-none text-strikethrough-none\">Entre em contato conosco para verificar a disponibilidade da data e organizar seu evento do jeito que voc\u00ea imagina.<\/span>[\/vc_column_text][vc_raw_html css=&#8221;&#8221;]JTNDYSUyMGhyZWYlM0QlMjJ0ZWwlM0E0MTk5NTUyNTM5MCUyMiUzRSUzQ2klMjBjbGFzcyUzRCUyMmZhJTIwZmEtcGhvbmUlMjIlM0UlM0MlMkZpJTNFJTIwJTI4NDElMjklMjA5JTIwOTU1Mi01MzkwJTNDJTJGYSUzRSUyMCUzQ2JyJTNFJTBEJTBBJTNDYSUyMGhyZWYlM0QlMjJodHRwcyUzQSUyRiUyRndhLm1lJTJGNTU0MTk5NTUyNTM5MCUyMiUyMHRhcmdldCUzRCUyMl9ibGFuayUyMiUzRSUzQ2klMjBjbGFzcyUzRCUyMmZhJTIwZmEtd2hhdHNhcHAlMjIlM0UlM0MlMkZpJTNFJTIwJTI4NDElMjklMjA5JTIwOTU1Mi01MzkwJTNDJTJGYSUzRSUyMCUzQ2JyJTNFJTBEJTBBJTNDYSUyMGhyZWYlM0QlMjJodHRwcyUzQSUyRiUyRm1hcHMuYXBwLmdvby5nbCUyRldqUkZtYWprREc5eHN5RnE5JTIyJTIwdGFyZ2V0JTNEJTIyX2JsYW5rJTIyJTNFJTNDaSUyMGNsYXNzJTNEJTIyZmElMjBmYS1tYXAtbWFya2VyJTIyJTNFJTNDJTJGaSUzRSUyMFJ1YSUyMERvbmElMjBNYXJpYSUyMGRlJTIwTG91cmRlcyUyMEZyYW56b2klMkMlMjA5NjAlMjAlM0NiciUzRSUyMEJhaXJybyUyMFJpbyUyMEFiYWl4aW5obyUyQyUyMEFyYXVjJUMzJUExcmlhJTJGUFIlMjAlM0NiciUzRSUyMFJlZmVyJUMzJUFBbmNpYSUyMFJvZC4lMjBkbyUyMFhpc3RvJTIwJTI4QlI0NzYlMjklMjAlRTIlODAlOTMlMjBBbHR1cmElMjBkbyUyMEtNJTIwMjglM0MlMkZhJTNF[\/vc_raw_html][\/vc_column][vc_column width=&#8221;1\/2&#8243;][vc_raw_html css=&#8221;&#8221;]JTNDaWZyYW1lJTIwc3JjJTNEJTIyaHR0cHMlM0ElMkYlMkZ3d3cuZ29vZ2xlLmNvbSUyRm1hcHMlMkZlbWJlZCUzRnBiJTNEJTIxMW0xOCUyMTFtMTIlMjExbTMlMjExZDM1OTcuMzk1ODgzODU4ODczMyUyMTJkLTQ5LjQ1NjA0MDY5OTk5OTk5NiUyMTNkLTI1LjYyNDk4MzMwMDAwMDAwNCUyMTJtMyUyMTFmMCUyMTJmMCUyMTNmMCUyMTNtMiUyMTFpMTAyNCUyMTJpNzY4JTIxNGYxMy4xJTIxM20zJTIxMW0yJTIxMXMweDk0ZGQwNDFiMzVjYzQ3ZmQlMjUzQTB4YzRmOGI2YTRjNzM1NjcxZCUyMTJzQ2glMjVDMyUyNUExY2FyYSUyNTIwZG9zJTI1MjBQaW5oZWlyYWlzJTIxNWUwJTIxM20yJTIxMXNwdC1CUiUyMTJzYnIlMjE0djE3NTU0MjkzMDc2NzglMjE1bTIlMjExc3B0LUJSJTIxMnNiciUyMiUyMHdpZHRoJTNEJTIyODAwJTIyJTIwaGVpZ2h0JTNEJTIyNjAwJTIyJTIwc3R5bGUlM0QlMjJib3JkZXIlM0EwJTNCJTIyJTIwYWxsb3dmdWxsc2NyZWVuJTNEJTIyJTIyJTIwbG9hZGluZyUzRCUyMmxhenklMjIlMjByZWZlcnJlcnBvbGljeSUzRCUyMm5vLXJlZmVycmVyLXdoZW4tZG93bmdyYWRlJTIyJTNFJTNDJTJGaWZyYW1lJTNF[\/vc_raw_html][\/vc_column][\/vc_row]<\/p>\n<\/div>","protected":false},"excerpt":{"rendered":"<p>[vc_row el_class=&#8221;section contato&#8221;][vc_column width=&#8221;1\/2&#8243;][vc_column_text css=&#8221;&#8221;]Entre em contato conosco para verificar a disponibilidade da data e organizar seu evento do jeito que voc\u00ea imagina.[\/vc_column_text][vc_raw_html css=&#8221;&#8221;]JTNDYSUyMGhyZWYlM0QlMjJ0ZWwlM0E0MTk5NTUyNTM5MCUyMiUzRSUzQ2klMjBjbGFzcyUzRCUyMmZhJTIwZmEtcGhvbmUlMjIlM0UlM0MlMkZpJTNFJTIwJTI4NDElMjklMjA5JTIwOTU1Mi01MzkwJTNDJTJGYSUzRSUyMCUzQ2JyJTNFJTBEJTBBJTNDYSUyMGhyZWYlM0QlMjJodHRwcyUzQSUyRiUyRndhLm1lJTJGNTU0MTk5NTUyNTM5MCUyMiUyMHRhcmdldCUzRCUyMl9ibGFuayUyMiUzRSUzQ2klMjBjbGFzcyUzRCUyMmZhJTIwZmEtd2hhdHNhcHAlMjIlM0UlM0MlMkZpJTNFJTIwJTI4NDElMjklMjA5JTIwOTU1Mi01MzkwJTNDJTJGYSUzRSUyMCUzQ2JyJTNFJTBEJTBBJTNDYSUyMGhyZWYlM0QlMjJodHRwcyUzQSUyRiUyRm1hcHMuYXBwLmdvby5nbCUyRldqUkZtYWprREc5eHN5RnE5JTIyJTIwdGFyZ2V0JTNEJTIyX2JsYW5rJTIyJTNFJTNDaSUyMGNsYXNzJTNEJTIyZmElMjBmYS1tYXAtbWFya2VyJTIyJTNFJTNDJTJGaSUzRSUyMFJ1YSUyMERvbmElMjBNYXJpYSUyMGRlJTIwTG91cmRlcyUyMEZyYW56b2klMkMlMjA5NjAlMjAlM0NiciUzRSUyMEJhaXJybyUyMFJpbyUyMEFiYWl4aW5obyUyQyUyMEFyYXVjJUMzJUExcmlhJTJGUFIlMjAlM0NiciUzRSUyMFJlZmVyJUMzJUFBbmNpYSUyMFJvZC4lMjBkbyUyMFhpc3RvJTIwJTI4QlI0NzYlMjklMjAlRTIlODAlOTMlMjBBbHR1cmElMjBkbyUyMEtNJTIwMjglM0MlMkZhJTNF[\/vc_raw_html][\/vc_column][vc_column width=&#8221;1\/2&#8243;][vc_raw_html css=&#8221;&#8221;]JTNDaWZyYW1lJTIwc3JjJTNEJTIyaHR0cHMlM0ElMkYlMkZ3d3cuZ29vZ2xlLmNvbSUyRm1hcHMlMkZlbWJlZCUzRnBiJTNEJTIxMW0xOCUyMTFtMTIlMjExbTMlMjExZDM1OTcuMzk1ODgzODU4ODczMyUyMTJkLTQ5LjQ1NjA0MDY5OTk5OTk5NiUyMTNkLTI1LjYyNDk4MzMwMDAwMDAwNCUyMTJtMyUyMTFmMCUyMTJmMCUyMTNmMCUyMTNtMiUyMTFpMTAyNCUyMTJpNzY4JTIxNGYxMy4xJTIxM20zJTIxMW0yJTIxMXMweDk0ZGQwNDFiMzVjYzQ3ZmQlMjUzQTB4YzRmOGI2YTRjNzM1NjcxZCUyMTJzQ2glMjVDMyUyNUExY2FyYSUyNTIwZG9zJTI1MjBQaW5oZWlyYWlzJTIxNWUwJTIxM20yJTIxMXNwdC1CUiUyMTJzYnIlMjE0djE3NTU0MjkzMDc2NzglMjE1bTIlMjExc3B0LUJSJTIxMnNiciUyMiUyMHdpZHRoJTNEJTIyODAwJTIyJTIwaGVpZ2h0JTNEJTIyNjAwJTIyJTIwc3R5bGUlM0QlMjJib3JkZXIlM0EwJTNCJTIyJTIwYWxsb3dmdWxsc2NyZWVuJTNEJTIyJTIyJTIwbG9hZGluZyUzRCUyMmxhenklMjIlMjByZWZlcnJlcnBvbGljeSUzRCUyMm5vLXJlZmVycmVyLXdoZW4tZG93bmdyYWRlJTIyJTNFJTNDJTJGaWZyYW1lJTNF[\/vc_raw_html][\/vc_column][\/vc_row]<\/p>\n","protected":false},"author":1,"featured_media":0,"parent":0,"menu_order":0,"comment_status":"closed","ping_status":"closed","template":"","meta":{"footnotes":""},"class_list":["post-7221","page","type-page","status-publish","hentry"],"yoast_head":"<!-- This site is optimized with the Yoast SEO plugin v25.7 - https:\/\/yoast.com\/wordpress\/plugins\/seo\/ -->\n<title>Contato e Localiza\u00e7\u00e3o - Ch\u00e1cara<\/title>\n<meta name=\"robots\" content=\"index, follow, max-snippet:-1, max-image-preview:large, max-video-preview:-1\" \/>\n<link rel=\"canonical\" href=\"https:\/\/michelealvino.com.br\/chacara\/contato\/\" \/>\n<meta property=\"og:locale\" content=\"pt_BR\" \/>\n<meta property=\"og:type\" content=\"article\" \/>\n<meta property=\"og:title\" content=\"Contato e Localiza\u00e7\u00e3o - Ch\u00e1cara\" \/>\n<meta property=\"og:description\" content=\"[vc_row el_class=&#8221;section contato&#8221;][vc_column width=&#8221;1\/2&#8243;][vc_column_text css=&#8221;&#8221;]Entre em contato conosco para verificar a disponibilidade da data e organizar seu evento do jeito que voc\u00ea imagina.[\/vc_column_text][vc_raw_html css=&#8221;&#8221;]JTNDYSUyMGhyZWYlM0QlMjJ0ZWwlM0E0MTk5NTUyNTM5MCUyMiUzRSUzQ2klMjBjbGFzcyUzRCUyMmZhJTIwZmEtcGhvbmUlMjIlM0UlM0MlMkZpJTNFJTIwJTI4NDElMjklMjA5JTIwOTU1Mi01MzkwJTNDJTJGYSUzRSUyMCUzQ2JyJTNFJTBEJTBBJTNDYSUyMGhyZWYlM0QlMjJodHRwcyUzQSUyRiUyRndhLm1lJTJGNTU0MTk5NTUyNTM5MCUyMiUyMHRhcmdldCUzRCUyMl9ibGFuayUyMiUzRSUzQ2klMjBjbGFzcyUzRCUyMmZhJTIwZmEtd2hhdHNhcHAlMjIlM0UlM0MlMkZpJTNFJTIwJTI4NDElMjklMjA5JTIwOTU1Mi01MzkwJTNDJTJGYSUzRSUyMCUzQ2JyJTNFJTBEJTBBJTNDYSUyMGhyZWYlM0QlMjJodHRwcyUzQSUyRiUyRm1hcHMuYXBwLmdvby5nbCUyRldqUkZtYWprREc5eHN5RnE5JTIyJTIwdGFyZ2V0JTNEJTIyX2JsYW5rJTIyJTNFJTNDaSUyMGNsYXNzJTNEJTIyZmElMjBmYS1tYXAtbWFya2VyJTIyJTNFJTNDJTJGaSUzRSUyMFJ1YSUyMERvbmElMjBNYXJpYSUyMGRlJTIwTG91cmRlcyUyMEZyYW56b2klMkMlMjA5NjAlMjAlM0NiciUzRSUyMEJhaXJybyUyMFJpbyUyMEFiYWl4aW5obyUyQyUyMEFyYXVjJUMzJUExcmlhJTJGUFIlMjAlM0NiciUzRSUyMFJlZmVyJUMzJUFBbmNpYSUyMFJvZC4lMjBkbyUyMFhpc3RvJTIwJTI4QlI0NzYlMjklMjAlRTIlODAlOTMlMjBBbHR1cmElMjBkbyUyMEtNJTIwMjglM0MlMkZhJTNF[\/vc_raw_html][\/vc_column][vc_column width=&#8221;1\/2&#8243;][vc_raw_html css=&#8221;&#8221;]JTNDaWZyYW1lJTIwc3JjJTNEJTIyaHR0cHMlM0ElMkYlMkZ3d3cuZ29vZ2xlLmNvbSUyRm1hcHMlMkZlbWJlZCUzRnBiJTNEJTIxMW0xOCUyMTFtMTIlMjExbTMlMjExZDM1OTcuMzk1ODgzODU4ODczMyUyMTJkLTQ5LjQ1NjA0MDY5OTk5OTk5NiUyMTNkLTI1LjYyNDk4MzMwMDAwMDAwNCUyMTJtMyUyMTFmMCUyMTJmMCUyMTNmMCUyMTNtMiUyMTFpMTAyNCUyMTJpNzY4JTIxNGYxMy4xJTIxM20zJTIxMW0yJTIxMXMweDk0ZGQwNDFiMzVjYzQ3ZmQlMjUzQTB4YzRmOGI2YTRjNzM1NjcxZCUyMTJzQ2glMjVDMyUyNUExY2FyYSUyNTIwZG9zJTI1MjBQaW5oZWlyYWlzJTIxNWUwJTIxM20yJTIxMXNwdC1CUiUyMTJzYnIlMjE0djE3NTU0MjkzMDc2NzglMjE1bTIlMjExc3B0LUJSJTIxMnNiciUyMiUyMHdpZHRoJTNEJTIyODAwJTIyJTIwaGVpZ2h0JTNEJTIyNjAwJTIyJTIwc3R5bGUlM0QlMjJib3JkZXIlM0EwJTNCJTIyJTIwYWxsb3dmdWxsc2NyZWVuJTNEJTIyJTIyJTIwbG9hZGluZyUzRCUyMmxhenklMjIlMjByZWZlcnJlcnBvbGljeSUzRCUyMm5vLXJlZmVycmVyLXdoZW4tZG93bmdyYWRlJTIyJTNFJTNDJTJGaWZyYW1lJTNF[\/vc_raw_html][\/vc_column][\/vc_row]\" \/>\n<meta property=\"og:url\" content=\"https:\/\/michelealvino.com.br\/chacara\/contato\/\" \/>\n<meta property=\"og:site_name\" content=\"Ch\u00e1cara\" \/>\n<meta property=\"article:modified_time\" content=\"2025-08-20T13:46:19+00:00\" \/>\n<meta name=\"twitter:card\" content=\"summary_large_image\" \/>\n<meta name=\"twitter:label1\" content=\"Est. tempo de leitura\" \/>\n\t<meta name=\"twitter:data1\" content=\"1 minuto\" \/>\n<script type=\"application\/ld+json\" class=\"yoast-schema-graph\">{\"@context\":\"https:\/\/schema.org\",\"@graph\":[{\"@type\":\"WebPage\",\"@id\":\"https:\/\/michelealvino.com.br\/chacara\/contato\/\",\"url\":\"https:\/\/michelealvino.com.br\/chacara\/contato\/\",\"name\":\"Contato e Localiza\u00e7\u00e3o - Ch\u00e1cara\",\"isPartOf\":{\"@id\":\"https:\/\/michelealvino.com.br\/chacara\/#website\"},\"datePublished\":\"2025-08-17T12:58:40+00:00\",\"dateModified\":\"2025-08-20T13:46:19+00:00\",\"breadcrumb\":{\"@id\":\"https:\/\/michelealvino.com.br\/chacara\/contato\/#breadcrumb\"},\"inLanguage\":\"pt-BR\",\"potentialAction\":[{\"@type\":\"ReadAction\",\"target\":[\"https:\/\/michelealvino.com.br\/chacara\/contato\/\"]}]},{\"@type\":\"BreadcrumbList\",\"@id\":\"https:\/\/michelealvino.com.br\/chacara\/contato\/#breadcrumb\",\"itemListElement\":[{\"@type\":\"ListItem\",\"position\":1,\"name\":\"In\u00edcio\",\"item\":\"https:\/\/michelealvino.com.br\/chacara\/\"},{\"@type\":\"ListItem\",\"position\":2,\"name\":\"Contato e Localiza\u00e7\u00e3o\"}]},{\"@type\":\"WebSite\",\"@id\":\"https:\/\/michelealvino.com.br\/chacara\/#website\",\"url\":\"https:\/\/michelealvino.com.br\/chacara\/\",\"name\":\"Ch\u00e1cara dos Pinheirais\",\"description\":\"\",\"publisher\":{\"@id\":\"https:\/\/michelealvino.com.br\/chacara\/#organization\"},\"potentialAction\":[{\"@type\":\"SearchAction\",\"target\":{\"@type\":\"EntryPoint\",\"urlTemplate\":\"https:\/\/michelealvino.com.br\/chacara\/?s={search_term_string}\"},\"query-input\":{\"@type\":\"PropertyValueSpecification\",\"valueRequired\":true,\"valueName\":\"search_term_string\"}}],\"inLanguage\":\"pt-BR\"},{\"@type\":\"Organization\",\"@id\":\"https:\/\/michelealvino.com.br\/chacara\/#organization\",\"name\":\"Ch\u00e1cara dos Pinheirais\",\"url\":\"https:\/\/michelealvino.com.br\/chacara\/\",\"logo\":{\"@type\":\"ImageObject\",\"inLanguage\":\"pt-BR\",\"@id\":\"https:\/\/michelealvino.com.br\/chacara\/#\/schema\/logo\/image\/\",\"url\":\"https:\/\/michelealvino.com.br\/chacara\/wp-content\/uploads\/2025\/08\/Screenshot-from-2025-08-15-15-16-20.png\",\"contentUrl\":\"https:\/\/michelealvino.com.br\/chacara\/wp-content\/uploads\/2025\/08\/Screenshot-from-2025-08-15-15-16-20.png\",\"width\":812,\"height\":343,\"caption\":\"Ch\u00e1cara dos Pinheirais\"},\"image\":{\"@id\":\"https:\/\/michelealvino.com.br\/chacara\/#\/schema\/logo\/image\/\"}}]}<\/script>\n<!-- \/ Yoast SEO plugin. -->","yoast_head_json":{"title":"Contato e Localiza\u00e7\u00e3o - Ch\u00e1cara","robots":{"index":"index","follow":"follow","max-snippet":"max-snippet:-1","max-image-preview":"max-image-preview:large","max-video-preview":"max-video-preview:-1"},"canonical":"https:\/\/michelealvino.com.br\/chacara\/contato\/","og_locale":"pt_BR","og_type":"article","og_title":"Contato e Localiza\u00e7\u00e3o - Ch\u00e1cara","og_description":"[vc_row el_class=&#8221;section contato&#8221;][vc_column width=&#8221;1\/2&#8243;][vc_column_text css=&#8221;&#8221;]Entre em contato conosco para verificar a disponibilidade da data e organizar seu evento do jeito que voc\u00ea imagina.[\/vc_column_text][vc_raw_html css=&#8221;&#8221;]JTNDYSUyMGhyZWYlM0QlMjJ0ZWwlM0E0MTk5NTUyNTM5MCUyMiUzRSUzQ2klMjBjbGFzcyUzRCUyMmZhJTIwZmEtcGhvbmUlMjIlM0UlM0MlMkZpJTNFJTIwJTI4NDElMjklMjA5JTIwOTU1Mi01MzkwJTNDJTJGYSUzRSUyMCUzQ2JyJTNFJTBEJTBBJTNDYSUyMGhyZWYlM0QlMjJodHRwcyUzQSUyRiUyRndhLm1lJTJGNTU0MTk5NTUyNTM5MCUyMiUyMHRhcmdldCUzRCUyMl9ibGFuayUyMiUzRSUzQ2klMjBjbGFzcyUzRCUyMmZhJTIwZmEtd2hhdHNhcHAlMjIlM0UlM0MlMkZpJTNFJTIwJTI4NDElMjklMjA5JTIwOTU1Mi01MzkwJTNDJTJGYSUzRSUyMCUzQ2JyJTNFJTBEJTBBJTNDYSUyMGhyZWYlM0QlMjJodHRwcyUzQSUyRiUyRm1hcHMuYXBwLmdvby5nbCUyRldqUkZtYWprREc5eHN5RnE5JTIyJTIwdGFyZ2V0JTNEJTIyX2JsYW5rJTIyJTNFJTNDaSUyMGNsYXNzJTNEJTIyZmElMjBmYS1tYXAtbWFya2VyJTIyJTNFJTNDJTJGaSUzRSUyMFJ1YSUyMERvbmElMjBNYXJpYSUyMGRlJTIwTG91cmRlcyUyMEZyYW56b2klMkMlMjA5NjAlMjAlM0NiciUzRSUyMEJhaXJybyUyMFJpbyUyMEFiYWl4aW5obyUyQyUyMEFyYXVjJUMzJUExcmlhJTJGUFIlMjAlM0NiciUzRSUyMFJlZmVyJUMzJUFBbmNpYSUyMFJvZC4lMjBkbyUyMFhpc3RvJTIwJTI4QlI0NzYlMjklMjAlRTIlODAlOTMlMjBBbHR1cmElMjBkbyUyMEtNJTIwMjglM0MlMkZhJTNF[\/vc_raw_html][\/vc_column][vc_column width=&#8221;1\/2&#8243;][vc_raw_html css=&#8221;&#8221;]JTNDaWZyYW1lJTIwc3JjJTNEJTIyaHR0cHMlM0ElMkYlMkZ3d3cuZ29vZ2xlLmNvbSUyRm1hcHMlMkZlbWJlZCUzRnBiJTNEJTIxMW0xOCUyMTFtMTIlMjExbTMlMjExZDM1OTcuMzk1ODgzODU4ODczMyUyMTJkLTQ5LjQ1NjA0MDY5OTk5OTk5NiUyMTNkLTI1LjYyNDk4MzMwMDAwMDAwNCUyMTJtMyUyMTFmMCUyMTJmMCUyMTNmMCUyMTNtMiUyMTFpMTAyNCUyMTJpNzY4JTIxNGYxMy4xJTIxM20zJTIxMW0yJTIxMXMweDk0ZGQwNDFiMzVjYzQ3ZmQlMjUzQTB4YzRmOGI2YTRjNzM1NjcxZCUyMTJzQ2glMjVDMyUyNUExY2FyYSUyNTIwZG9zJTI1MjBQaW5oZWlyYWlzJTIxNWUwJTIxM20yJTIxMXNwdC1CUiUyMTJzYnIlMjE0djE3NTU0MjkzMDc2NzglMjE1bTIlMjExc3B0LUJSJTIxMnNiciUyMiUyMHdpZHRoJTNEJTIyODAwJTIyJTIwaGVpZ2h0JTNEJTIyNjAwJTIyJTIwc3R5bGUlM0QlMjJib3JkZXIlM0EwJTNCJTIyJTIwYWxsb3dmdWxsc2NyZWVuJTNEJTIyJTIyJTIwbG9hZGluZyUzRCUyMmxhenklMjIlMjByZWZlcnJlcnBvbGljeSUzRCUyMm5vLXJlZmVycmVyLXdoZW4tZG93bmdyYWRlJTIyJTNFJTNDJTJGaWZyYW1lJTNF[\/vc_raw_html][\/vc_column][\/vc_row]","og_url":"https:\/\/michelealvino.com.br\/chacara\/contato\/","og_site_name":"Ch\u00e1cara","article_modified_time":"2025-08-20T13:46:19+00:00","twitter_card":"summary_large_image","twitter_misc":{"Est. tempo de leitura":"1 minuto"},"schema":{"@context":"https:\/\/schema.org","@graph":[{"@type":"WebPage","@id":"https:\/\/michelealvino.com.br\/chacara\/contato\/","url":"https:\/\/michelealvino.com.br\/chacara\/contato\/","name":"Contato e Localiza\u00e7\u00e3o - Ch\u00e1cara","isPartOf":{"@id":"https:\/\/michelealvino.com.br\/chacara\/#website"},"datePublished":"2025-08-17T12:58:40+00:00","dateModified":"2025-08-20T13:46:19+00:00","breadcrumb":{"@id":"https:\/\/michelealvino.com.br\/chacara\/contato\/#breadcrumb"},"inLanguage":"pt-BR","potentialAction":[{"@type":"ReadAction","target":["https:\/\/michelealvino.com.br\/chacara\/contato\/"]}]},{"@type":"BreadcrumbList","@id":"https:\/\/michelealvino.com.br\/chacara\/contato\/#breadcrumb","itemListElement":[{"@type":"ListItem","position":1,"name":"In\u00edcio","item":"https:\/\/michelealvino.com.br\/chacara\/"},{"@type":"ListItem","position":2,"name":"Contato e Localiza\u00e7\u00e3o"}]},{"@type":"WebSite","@id":"https:\/\/michelealvino.com.br\/chacara\/#website","url":"https:\/\/michelealvino.com.br\/chacara\/","name":"Ch\u00e1cara dos Pinheirais","description":"","publisher":{"@id":"https:\/\/michelealvino.com.br\/chacara\/#organization"},"potentialAction":[{"@type":"SearchAction","target":{"@type":"EntryPoint","urlTemplate":"https:\/\/michelealvino.com.br\/chacara\/?s={search_term_string}"},"query-input":{"@type":"PropertyValueSpecification","valueRequired":true,"valueName":"search_term_string"}}],"inLanguage":"pt-BR"},{"@type":"Organization","@id":"https:\/\/michelealvino.com.br\/chacara\/#organization","name":"Ch\u00e1cara dos Pinheirais","url":"https:\/\/michelealvino.com.br\/chacara\/","logo":{"@type":"ImageObject","inLanguage":"pt-BR","@id":"https:\/\/michelealvino.com.br\/chacara\/#\/schema\/logo\/image\/","url":"https:\/\/michelealvino.com.br\/chacara\/wp-content\/uploads\/2025\/08\/Screenshot-from-2025-08-15-15-16-20.png","contentUrl":"https:\/\/michelealvino.com.br\/chacara\/wp-content\/uploads\/2025\/08\/Screenshot-from-2025-08-15-15-16-20.png","width":812,"height":343,"caption":"Ch\u00e1cara dos Pinheirais"},"image":{"@id":"https:\/\/michelealvino.com.br\/chacara\/#\/schema\/logo\/image\/"}}]}},"_links":{"self":[{"href":"https:\/\/michelealvino.com.br\/chacara\/wp-json\/wp\/v2\/pages\/7221","targetHints":{"allow":["GET"]}}],"collection":[{"href":"https:\/\/michelealvino.com.br\/chacara\/wp-json\/wp\/v2\/pages"}],"about":[{"href":"https:\/\/michelealvino.com.br\/chacara\/wp-json\/wp\/v2\/types\/page"}],"author":[{"embeddable":true,"href":"https:\/\/michelealvino.com.br\/chacara\/wp-json\/wp\/v2\/users\/1"}],"replies":[{"embeddable":true,"href":"https:\/\/michelealvino.com.br\/chacara\/wp-json\/wp\/v2\/comments?post=7221"}],"version-history":[{"count":4,"href":"https:\/\/michelealvino.com.br\/chacara\/wp-json\/wp\/v2\/pages\/7221\/revisions"}],"predecessor-version":[{"id":7325,"href":"https:\/\/michelealvino.com.br\/chacara\/wp-json\/wp\/v2\/pages\/7221\/revisions\/7325"}],"wp:attachment":[{"href":"https:\/\/michelealvino.com.br\/chacara\/wp-json\/wp\/v2\/media?parent=7221"}],"curies":[{"name":"wp","href":"https:\/\/api.w.org\/{rel}","templated":true}]}}