{"id":7211,"date":"2025-08-17T09:46:54","date_gmt":"2025-08-17T12:46:54","guid":{"rendered":"https:\/\/michelealvino.com.br\/chacara\/?page_id=7211"},"modified":"2025-09-05T16:07:11","modified_gmt":"2025-09-05T19:07:11","slug":"estrutura","status":"publish","type":"page","link":"https:\/\/michelealvino.com.br\/chacara\/estrutura\/","title":{"rendered":"Estrutura"},"content":{"rendered":"<div class=\"wpb-content-wrapper\"><p>[vc_row el_class=&#8221;sobre section&#8221;][vc_column][vc_column_text css=&#8221;&#8221;]<\/p>\n<p style=\"text-align: center;\" data-start=\"67\" data-end=\"301\">A Ch\u00e1cara dos Pinheirais est\u00e1 localizada a 35km de Curitiba, aproximadamente 40 minutos, na cidade de Arauc\u00e1ria. Dispomos de uma \u00e1rea de 80.000 m\u00b2 cercada de muito verde, com excelente vista para o lago, fauna e natureza preservada.<\/p>\n<p style=\"text-align: center;\" data-start=\"303\" data-end=\"488\">Al\u00e9m disso, oferecemos dormit\u00f3rios que possibilitam a realiza\u00e7\u00e3o de eventos com pernoite, tornando o espa\u00e7o ideal para casamentos, retiros, encontros corporativos e confraterniza\u00e7\u00f5es.<\/p>\n<p style=\"text-align: center;\" data-start=\"490\" data-end=\"703\">Nossa estrutura conta ainda com 1.800 m\u00b2 de \u00e1rea constru\u00edda, audit\u00f3rio, refeit\u00f3rio, cozinha industrial, estacionamento amplo e toda a infraestrutura necess\u00e1ria para receber seu evento com conforto e praticidade.<\/p>\n<p>[\/vc_column_text][vc_row_inner][vc_column_inner width=&#8221;1\/4&#8243;][vc_raw_html css=&#8221;&#8221;]JTNDZGl2JTIwY2xhc3MlM0QlMjJjYXJkJTIyJTNFJTBEJTBBJTIwJTIwJTIwJTIwJTNDZGl2JTIwY2xhc3MlM0QlMjJjYXJkLWltYWdlJTIyJTNFJTBEJTBBJTIwJTIwJTIwJTIwJTIwJTIwJTIwJTIwJTNDaW1nJTIwc3JjJTNEJTIyaHR0cHMlM0ElMkYlMkZndXVsaXZlci5jb20uYnIlMkZwcm9qZXRvcyUyRmNoYWNhcmElMkZ3cC1jb250ZW50JTJGdXBsb2FkcyUyRjIwMjUlMkYwOCUyRmF1ZGl0b3Jpby0xLmpwZyUyMiUyMGFsdCUzRCUyMiUyMiUzRSUwRCUwQSUyMCUyMCUyMCUyMCUzQyUyRmRpdiUzRSUwRCUwQSUyMCUyMCUyMCUyMCUzQ2RpdiUyMGNsYXNzJTNEJTIyY2FyZC10ZXh0byUyMiUzRSUwRCUwQSUyMCUyMCUyMCUyMCUyMCUyMCUyMCUyMCUzQ2g0JTNFQXVkaXQlQzMlQjNyaW8lM0MlMkZoNCUzRSUwRCUwQSUyMCUyMCUyMCUyMCUzQyUyRmRpdiUzRSUwRCUwQSUzQyUyRmRpdiUzRQ==[\/vc_raw_html][\/vc_column_inner][vc_column_inner width=&#8221;1\/4&#8243;][vc_raw_html css=&#8221;&#8221;]JTNDZGl2JTIwY2xhc3MlM0QlMjJjYXJkJTIyJTNFJTBEJTBBJTIwJTIwJTIwJTIwJTNDZGl2JTIwY2xhc3MlM0QlMjJjYXJkLWltYWdlJTIyJTNFJTBEJTBBJTIwJTIwJTIwJTIwJTIwJTIwJTIwJTIwJTNDaW1nJTIwc3JjJTNEJTIyaHR0cHMlM0ElMkYlMkZndXVsaXZlci5jb20uYnIlMkZwcm9qZXRvcyUyRmNoYWNhcmElMkZ3cC1jb250ZW50JTJGdXBsb2FkcyUyRjIwMjUlMkYwOCUyRmNvemluaGEuanBnJTIyJTIwYWx0JTNEJTIyJTIyJTNFJTBEJTBBJTIwJTIwJTIwJTIwJTNDJTJGZGl2JTNFJTBEJTBBJTIwJTIwJTIwJTIwJTNDZGl2JTIwY2xhc3MlM0QlMjJjYXJkLXRleHRvJTIyJTNFJTBEJTBBJTIwJTIwJTIwJTIwJTIwJTIwJTIwJTIwJTNDaDQlM0VDb3ppbmhhJTIwaW5kdXN0cmlhbCUzQyUyRmg0JTNFJTBEJTBBJTIwJTIwJTIwJTIwJTNDJTJGZGl2JTNFJTBEJTBBJTNDJTJGZGl2JTNF[\/vc_raw_html][\/vc_column_inner][vc_column_inner width=&#8221;1\/4&#8243;][vc_raw_html css=&#8221;&#8221;]JTNDZGl2JTIwY2xhc3MlM0QlMjJjYXJkJTIyJTNFJTBEJTBBJTIwJTIwJTIwJTIwJTNDZGl2JTIwY2xhc3MlM0QlMjJjYXJkLWltYWdlJTIyJTNFJTBEJTBBJTIwJTIwJTIwJTIwJTIwJTIwJTIwJTIwJTNDaW1nJTIwc3JjJTNEJTIyaHR0cHMlM0ElMkYlMkZndXVsaXZlci5jb20uYnIlMkZwcm9qZXRvcyUyRmNoYWNhcmElMkZ3cC1jb250ZW50JTJGdXBsb2FkcyUyRjIwMjUlMkYwOCUyRnJlZmVpdG9yaW8uanBnJTIyJTIwYWx0JTNEJTIyJTIyJTNFJTBEJTBBJTIwJTIwJTIwJTIwJTNDJTJGZGl2JTNFJTBEJTBBJTIwJTIwJTIwJTIwJTNDZGl2JTIwY2xhc3MlM0QlMjJjYXJkLXRleHRvJTIyJTNFJTBEJTBBJTIwJTIwJTIwJTIwJTIwJTIwJTIwJTIwJTNDaDQlM0VSZWZlaXQlQzMlQjNyaW8lM0MlMkZoNCUzRSUwRCUwQSUyMCUyMCUyMCUyMCUzQyUyRmRpdiUzRSUwRCUwQSUzQyUyRmRpdiUzRQ==[\/vc_raw_html][\/vc_column_inner][vc_column_inner width=&#8221;1\/4&#8243;][vc_raw_html css=&#8221;&#8221;]JTNDZGl2JTIwY2xhc3MlM0QlMjJjYXJkJTIyJTNFJTBEJTBBJTIwJTIwJTIwJTIwJTNDZGl2JTIwY2xhc3MlM0QlMjJjYXJkLWltYWdlJTIyJTNFJTBEJTBBJTIwJTIwJTIwJTIwJTIwJTIwJTIwJTIwJTNDaW1nJTIwc3JjJTNEJTIyaHR0cHMlM0ElMkYlMkZtaWNoZWxlYWx2aW5vLmNvbS5iciUyRmNoYWNhcmElMkZ3cC1jb250ZW50JTJGdXBsb2FkcyUyRjIwMjUlMkYwOSUyRjEwMDA2MTQzNzMuanBnJTIyJTIwYWx0JTNEJTIyJTIyJTNFJTBEJTBBJTIwJTIwJTIwJTIwJTNDJTJGZGl2JTNFJTBEJTBBJTIwJTIwJTIwJTIwJTNDZGl2JTIwY2xhc3MlM0QlMjJjYXJkLXRleHRvJTIyJTNFJTBEJTBBJTIwJTIwJTIwJTIwJTIwJTIwJTIwJTIwJTNDaDQlM0VEb3JtaXQlQzMlQjNyaW9zJTNDJTJGaDQlM0UlMEQlMEElMjAlMjAlMjAlMjAlM0MlMkZkaXYlM0UlMEQlMEElM0MlMkZkaXYlM0U=[\/vc_raw_html][\/vc_column_inner][\/vc_row_inner][\/vc_column][\/vc_row][vc_row full_width=&#8221;stretch_row&#8221; el_class=&#8221;section historia green&#8221;][vc_column][vc_media_grid element_width=&#8221;3&#8243; css=&#8221;&#8221; initial_loading_animation=&#8221;none&#8221; grid_id=&#8221;vc_gid:1757099213471-5b1e2990-012b-5&#8243; include=&#8221;7240,7237,7471,7238,7235,7234,7233,7174&#8243;][\/vc_column][\/vc_row][vc_row el_class=&#8221;section contato&#8221;][vc_column width=&#8221;1\/2&#8243;][vc_custom_heading text=&#8221;Consulte a disponibilidade&#8221; use_theme_fonts=&#8221;yes&#8221; css=&#8221;&#8221;][vc_column_text css=&#8221;&#8221;]<span class=\"a_GcMg font-feature-liga-off font-feature-clig-off font-feature-calt-off text-decoration-none text-strikethrough-none\">Entre em contato conosco para verificar a disponibilidade da data e organizar seu evento do jeito que voc\u00ea imagina.<\/span>[\/vc_column_text][vc_raw_html css=&#8221;&#8221;]JTNDYSUyMGhyZWYlM0QlMjJ0ZWwlM0E0MTk5NTUyNTM5MCUyMiUzRSUzQ2klMjBjbGFzcyUzRCUyMmZhJTIwZmEtcGhvbmUlMjIlM0UlM0MlMkZpJTNFJTIwJTI4NDElMjklMjA5JTIwOTU1Mi01MzkwJTNDJTJGYSUzRSUyMCUzQ2JyJTNFJTBEJTBBJTNDYSUyMGhyZWYlM0QlMjJodHRwcyUzQSUyRiUyRndhLm1lJTJGNTU0MTk5NTUyNTM5MCUyMiUyMHRhcmdldCUzRCUyMl9ibGFuayUyMiUzRSUzQ2klMjBjbGFzcyUzRCUyMmZhJTIwZmEtd2hhdHNhcHAlMjIlM0UlM0MlMkZpJTNFJTIwJTI4NDElMjklMjA5JTIwOTU1Mi01MzkwJTNDJTJGYSUzRSUyMCUzQ2JyJTNFJTBEJTBBJTNDYSUyMGhyZWYlM0QlMjJodHRwcyUzQSUyRiUyRm1hcHMuYXBwLmdvby5nbCUyRldqUkZtYWprREc5eHN5RnE5JTIyJTIwdGFyZ2V0JTNEJTIyX2JsYW5rJTIyJTNFJTNDaSUyMGNsYXNzJTNEJTIyZmElMjBmYS1tYXAtbWFya2VyJTIyJTNFJTNDJTJGaSUzRSUyMFJ1YSUyMERvbmElMjBNYXJpYSUyMGRlJTIwTG91cmRlcyUyMEZyYW56b2klMkMlMjA5NjAlMjAlM0NiciUzRSUyMEJhaXJybyUyMFJpbyUyMEFiYWl4aW5obyUyQyUyMEFyYXVjJUMzJUExcmlhJTJGUFIlMjAlM0NiciUzRSUyMFJlZmVyJUMzJUFBbmNpYSUyMFJvZC4lMjBkbyUyMFhpc3RvJTIwJTI4QlI0NzYlMjklMjAlRTIlODAlOTMlMjBBbHR1cmElMjBkbyUyMEtNJTIwMjglM0MlMkZhJTNF[\/vc_raw_html][\/vc_column][vc_column width=&#8221;1\/2&#8243;][vc_raw_html css=&#8221;&#8221;]JTNDaWZyYW1lJTIwc3JjJTNEJTIyaHR0cHMlM0ElMkYlMkZ3d3cuZ29vZ2xlLmNvbSUyRm1hcHMlMkZlbWJlZCUzRnBiJTNEJTIxMW0xOCUyMTFtMTIlMjExbTMlMjExZDM1OTcuMzk1ODgzODU4ODczMyUyMTJkLTQ5LjQ1NjA0MDY5OTk5OTk5NiUyMTNkLTI1LjYyNDk4MzMwMDAwMDAwNCUyMTJtMyUyMTFmMCUyMTJmMCUyMTNmMCUyMTNtMiUyMTFpMTAyNCUyMTJpNzY4JTIxNGYxMy4xJTIxM20zJTIxMW0yJTIxMXMweDk0ZGQwNDFiMzVjYzQ3ZmQlMjUzQTB4YzRmOGI2YTRjNzM1NjcxZCUyMTJzQ2glMjVDMyUyNUExY2FyYSUyNTIwZG9zJTI1MjBQaW5oZWlyYWlzJTIxNWUwJTIxM20yJTIxMXNwdC1CUiUyMTJzYnIlMjE0djE3NTU0MjkzMDc2NzglMjE1bTIlMjExc3B0LUJSJTIxMnNiciUyMiUyMHdpZHRoJTNEJTIyODAwJTIyJTIwaGVpZ2h0JTNEJTIyNjAwJTIyJTIwc3R5bGUlM0QlMjJib3JkZXIlM0EwJTNCJTIyJTIwYWxsb3dmdWxsc2NyZWVuJTNEJTIyJTIyJTIwbG9hZGluZyUzRCUyMmxhenklMjIlMjByZWZlcnJlcnBvbGljeSUzRCUyMm5vLXJlZmVycmVyLXdoZW4tZG93bmdyYWRlJTIyJTNFJTNDJTJGaWZyYW1lJTNF[\/vc_raw_html][\/vc_column][\/vc_row]<\/p>\n<\/div>","protected":false},"excerpt":{"rendered":"<p>[vc_row el_class=&#8221;sobre section&#8221;][vc_column][vc_column_text css=&#8221;&#8221;] A Ch\u00e1cara dos Pinheirais est\u00e1 localizada a 35km de Curitiba, aproximadamente 40 minutos, na cidade de Arauc\u00e1ria. Dispomos de uma \u00e1rea de 80.000 m\u00b2 cercada de muito verde, com excelente vista para o lago, fauna e natureza preservada. Al\u00e9m disso, oferecemos dormit\u00f3rios que possibilitam a realiza\u00e7\u00e3o de eventos com pernoite, tornando<\/p>\n","protected":false},"author":1,"featured_media":0,"parent":0,"menu_order":0,"comment_status":"closed","ping_status":"closed","template":"","meta":{"footnotes":""},"class_list":["post-7211","page","type-page","status-publish","hentry"],"yoast_head":"<!-- This site is optimized with the Yoast SEO plugin v25.7 - https:\/\/yoast.com\/wordpress\/plugins\/seo\/ -->\n<title>Estrutura - Ch\u00e1cara<\/title>\n<meta name=\"robots\" content=\"index, follow, max-snippet:-1, max-image-preview:large, max-video-preview:-1\" \/>\n<link rel=\"canonical\" href=\"https:\/\/michelealvino.com.br\/chacara\/estrutura\/\" \/>\n<meta property=\"og:locale\" content=\"pt_BR\" \/>\n<meta property=\"og:type\" content=\"article\" \/>\n<meta property=\"og:title\" content=\"Estrutura - Ch\u00e1cara\" \/>\n<meta property=\"og:description\" content=\"[vc_row el_class=&#8221;sobre section&#8221;][vc_column][vc_column_text css=&#8221;&#8221;] A Ch\u00e1cara dos Pinheirais est\u00e1 localizada a 35km de Curitiba, aproximadamente 40 minutos, na cidade de Arauc\u00e1ria. Dispomos de uma \u00e1rea de 80.000 m\u00b2 cercada de muito verde, com excelente vista para o lago, fauna e natureza preservada. Al\u00e9m disso, oferecemos dormit\u00f3rios que possibilitam a realiza\u00e7\u00e3o de eventos com pernoite, tornando\" \/>\n<meta property=\"og:url\" content=\"https:\/\/michelealvino.com.br\/chacara\/estrutura\/\" \/>\n<meta property=\"og:site_name\" content=\"Ch\u00e1cara\" \/>\n<meta property=\"article:modified_time\" content=\"2025-09-05T19:07:11+00:00\" \/>\n<meta name=\"twitter:card\" content=\"summary_large_image\" \/>\n<meta name=\"twitter:label1\" content=\"Est. tempo de leitura\" \/>\n\t<meta name=\"twitter:data1\" content=\"3 minutos\" \/>\n<script type=\"application\/ld+json\" class=\"yoast-schema-graph\">{\"@context\":\"https:\/\/schema.org\",\"@graph\":[{\"@type\":\"WebPage\",\"@id\":\"https:\/\/michelealvino.com.br\/chacara\/estrutura\/\",\"url\":\"https:\/\/michelealvino.com.br\/chacara\/estrutura\/\",\"name\":\"Estrutura - Ch\u00e1cara\",\"isPartOf\":{\"@id\":\"https:\/\/michelealvino.com.br\/chacara\/#website\"},\"datePublished\":\"2025-08-17T12:46:54+00:00\",\"dateModified\":\"2025-09-05T19:07:11+00:00\",\"breadcrumb\":{\"@id\":\"https:\/\/michelealvino.com.br\/chacara\/estrutura\/#breadcrumb\"},\"inLanguage\":\"pt-BR\",\"potentialAction\":[{\"@type\":\"ReadAction\",\"target\":[\"https:\/\/michelealvino.com.br\/chacara\/estrutura\/\"]}]},{\"@type\":\"BreadcrumbList\",\"@id\":\"https:\/\/michelealvino.com.br\/chacara\/estrutura\/#breadcrumb\",\"itemListElement\":[{\"@type\":\"ListItem\",\"position\":1,\"name\":\"In\u00edcio\",\"item\":\"https:\/\/michelealvino.com.br\/chacara\/\"},{\"@type\":\"ListItem\",\"position\":2,\"name\":\"Estrutura\"}]},{\"@type\":\"WebSite\",\"@id\":\"https:\/\/michelealvino.com.br\/chacara\/#website\",\"url\":\"https:\/\/michelealvino.com.br\/chacara\/\",\"name\":\"Ch\u00e1cara dos Pinheirais\",\"description\":\"\",\"publisher\":{\"@id\":\"https:\/\/michelealvino.com.br\/chacara\/#organization\"},\"potentialAction\":[{\"@type\":\"SearchAction\",\"target\":{\"@type\":\"EntryPoint\",\"urlTemplate\":\"https:\/\/michelealvino.com.br\/chacara\/?s={search_term_string}\"},\"query-input\":{\"@type\":\"PropertyValueSpecification\",\"valueRequired\":true,\"valueName\":\"search_term_string\"}}],\"inLanguage\":\"pt-BR\"},{\"@type\":\"Organization\",\"@id\":\"https:\/\/michelealvino.com.br\/chacara\/#organization\",\"name\":\"Ch\u00e1cara dos Pinheirais\",\"url\":\"https:\/\/michelealvino.com.br\/chacara\/\",\"logo\":{\"@type\":\"ImageObject\",\"inLanguage\":\"pt-BR\",\"@id\":\"https:\/\/michelealvino.com.br\/chacara\/#\/schema\/logo\/image\/\",\"url\":\"https:\/\/michelealvino.com.br\/chacara\/wp-content\/uploads\/2025\/08\/Screenshot-from-2025-08-15-15-16-20.png\",\"contentUrl\":\"https:\/\/michelealvino.com.br\/chacara\/wp-content\/uploads\/2025\/08\/Screenshot-from-2025-08-15-15-16-20.png\",\"width\":812,\"height\":343,\"caption\":\"Ch\u00e1cara dos Pinheirais\"},\"image\":{\"@id\":\"https:\/\/michelealvino.com.br\/chacara\/#\/schema\/logo\/image\/\"}}]}<\/script>\n<!-- \/ Yoast SEO plugin. -->","yoast_head_json":{"title":"Estrutura - Ch\u00e1cara","robots":{"index":"index","follow":"follow","max-snippet":"max-snippet:-1","max-image-preview":"max-image-preview:large","max-video-preview":"max-video-preview:-1"},"canonical":"https:\/\/michelealvino.com.br\/chacara\/estrutura\/","og_locale":"pt_BR","og_type":"article","og_title":"Estrutura - Ch\u00e1cara","og_description":"[vc_row el_class=&#8221;sobre section&#8221;][vc_column][vc_column_text css=&#8221;&#8221;] A Ch\u00e1cara dos Pinheirais est\u00e1 localizada a 35km de Curitiba, aproximadamente 40 minutos, na cidade de Arauc\u00e1ria. Dispomos de uma \u00e1rea de 80.000 m\u00b2 cercada de muito verde, com excelente vista para o lago, fauna e natureza preservada. Al\u00e9m disso, oferecemos dormit\u00f3rios que possibilitam a realiza\u00e7\u00e3o de eventos com pernoite, tornando","og_url":"https:\/\/michelealvino.com.br\/chacara\/estrutura\/","og_site_name":"Ch\u00e1cara","article_modified_time":"2025-09-05T19:07:11+00:00","twitter_card":"summary_large_image","twitter_misc":{"Est. tempo de leitura":"3 minutos"},"schema":{"@context":"https:\/\/schema.org","@graph":[{"@type":"WebPage","@id":"https:\/\/michelealvino.com.br\/chacara\/estrutura\/","url":"https:\/\/michelealvino.com.br\/chacara\/estrutura\/","name":"Estrutura - Ch\u00e1cara","isPartOf":{"@id":"https:\/\/michelealvino.com.br\/chacara\/#website"},"datePublished":"2025-08-17T12:46:54+00:00","dateModified":"2025-09-05T19:07:11+00:00","breadcrumb":{"@id":"https:\/\/michelealvino.com.br\/chacara\/estrutura\/#breadcrumb"},"inLanguage":"pt-BR","potentialAction":[{"@type":"ReadAction","target":["https:\/\/michelealvino.com.br\/chacara\/estrutura\/"]}]},{"@type":"BreadcrumbList","@id":"https:\/\/michelealvino.com.br\/chacara\/estrutura\/#breadcrumb","itemListElement":[{"@type":"ListItem","position":1,"name":"In\u00edcio","item":"https:\/\/michelealvino.com.br\/chacara\/"},{"@type":"ListItem","position":2,"name":"Estrutura"}]},{"@type":"WebSite","@id":"https:\/\/michelealvino.com.br\/chacara\/#website","url":"https:\/\/michelealvino.com.br\/chacara\/","name":"Ch\u00e1cara dos Pinheirais","description":"","publisher":{"@id":"https:\/\/michelealvino.com.br\/chacara\/#organization"},"potentialAction":[{"@type":"SearchAction","target":{"@type":"EntryPoint","urlTemplate":"https:\/\/michelealvino.com.br\/chacara\/?s={search_term_string}"},"query-input":{"@type":"PropertyValueSpecification","valueRequired":true,"valueName":"search_term_string"}}],"inLanguage":"pt-BR"},{"@type":"Organization","@id":"https:\/\/michelealvino.com.br\/chacara\/#organization","name":"Ch\u00e1cara dos Pinheirais","url":"https:\/\/michelealvino.com.br\/chacara\/","logo":{"@type":"ImageObject","inLanguage":"pt-BR","@id":"https:\/\/michelealvino.com.br\/chacara\/#\/schema\/logo\/image\/","url":"https:\/\/michelealvino.com.br\/chacara\/wp-content\/uploads\/2025\/08\/Screenshot-from-2025-08-15-15-16-20.png","contentUrl":"https:\/\/michelealvino.com.br\/chacara\/wp-content\/uploads\/2025\/08\/Screenshot-from-2025-08-15-15-16-20.png","width":812,"height":343,"caption":"Ch\u00e1cara dos Pinheirais"},"image":{"@id":"https:\/\/michelealvino.com.br\/chacara\/#\/schema\/logo\/image\/"}}]}},"_links":{"self":[{"href":"https:\/\/michelealvino.com.br\/chacara\/wp-json\/wp\/v2\/pages\/7211","targetHints":{"allow":["GET"]}}],"collection":[{"href":"https:\/\/michelealvino.com.br\/chacara\/wp-json\/wp\/v2\/pages"}],"about":[{"href":"https:\/\/michelealvino.com.br\/chacara\/wp-json\/wp\/v2\/types\/page"}],"author":[{"embeddable":true,"href":"https:\/\/michelealvino.com.br\/chacara\/wp-json\/wp\/v2\/users\/1"}],"replies":[{"embeddable":true,"href":"https:\/\/michelealvino.com.br\/chacara\/wp-json\/wp\/v2\/comments?post=7211"}],"version-history":[{"count":7,"href":"https:\/\/michelealvino.com.br\/chacara\/wp-json\/wp\/v2\/pages\/7211\/revisions"}],"predecessor-version":[{"id":7475,"href":"https:\/\/michelealvino.com.br\/chacara\/wp-json\/wp\/v2\/pages\/7211\/revisions\/7475"}],"wp:attachment":[{"href":"https:\/\/michelealvino.com.br\/chacara\/wp-json\/wp\/v2\/media?parent=7211"}],"curies":[{"name":"wp","href":"https:\/\/api.w.org\/{rel}","templated":true}]}}