{"id":7198,"date":"2025-08-17T09:38:04","date_gmt":"2025-08-17T12:38:04","guid":{"rendered":"https:\/\/michelealvino.com.br\/chacara\/?page_id=7198"},"modified":"2025-08-20T10:47:51","modified_gmt":"2025-08-20T13:47:51","slug":"sobre","status":"publish","type":"page","link":"https:\/\/michelealvino.com.br\/chacara\/sobre\/","title":{"rendered":"Sobre"},"content":{"rendered":"<div class=\"wpb-content-wrapper\"><p>[vc_row el_class=&#8221;sobre section&#8221;][vc_column width=&#8221;1\/2&#8243;][vc_custom_heading text=&#8221;Por que escolher a<br \/>\n<b>Ch\u00e1cara dos Pinheirais?<\/b>&#8221; use_theme_fonts=&#8221;yes&#8221; css=&#8221;&#8221;][vc_column_text css=&#8221;&#8221;]<\/p>\n<p class=\"cvGsUA direction-ltr align-start para-style-body\"><span class=\"a_GcMg font-feature-liga-off font-feature-clig-off font-feature-calt-off text-decoration-none text-strikethrough-none\">A Ch\u00e1cara dos Pinheirais est\u00e1 localizada a 35km de Curitiba, aproximadamente 40 minutos, na cidade de Arauc\u00e1ria. Dispomos de uma \u00e1rea de 80.000 m\u00b2 cercada de muito verde, com uma excelente vista para o lago, fauna e natureza preservada.<\/span><\/p>\n<p class=\"cvGsUA direction-ltr align-start para-style-body\"><span class=\"a_GcMg font-feature-liga-off font-feature-clig-off font-feature-calt-off text-decoration-none text-strikethrough-none\">Nossa Ch\u00e1cara oferece um espa\u00e7o de 1800 m\u00b2 de \u00e1rea constru\u00edda, alojamentos, amplo estacionamento e uma estrutura ideal para casamentos, retiros, eventos corporativos e encontros.<\/span><\/p>\n<p>[\/vc_column_text][vc_raw_html css=&#8221;&#8221;]JTNDYSUyMGhyZWYlM0QlMjJodHRwcyUzQSUyRiUyRndhLm1lJTJGNTU0MTk5NTUyNTM5MCUyMiUyMGNsYXNzJTNEJTIyd2hhdHNhcHAlMjIlMjB0YXJnZXQlM0QlMjJfYmxhbmslMjIlM0UlM0NpJTIwY2xhc3MlM0QlMjJmYSUyMGZhLXdoYXRzYXBwJTIyJTNFJTNDJTJGaSUzRSUyMFdoYXRzQXBwJTNDJTJGYSUzRQ==[\/vc_raw_html][\/vc_column][vc_column width=&#8221;1\/2&#8243;][vc_images_carousel images=&#8221;7237,7240,7238,7236,7235,7234,7233&#8243; img_size=&#8221;full&#8221; onclick=&#8221;link_no&#8221; autoplay=&#8221;yes&#8221; wrap=&#8221;yes&#8221; css=&#8221;&#8221;][\/vc_column][\/vc_row][vc_row full_width=&#8221;stretch_row&#8221; el_class=&#8221;section historia green&#8221;][vc_column width=&#8221;1\/6&#8243;][\/vc_column][vc_column width=&#8221;2\/3&#8243;][vc_custom_heading text=&#8221;Hist\u00f3ria&#8221; font_container=&#8221;tag:h2|text_align:center&#8221; use_theme_fonts=&#8221;yes&#8221; css=&#8221;&#8221;][vc_column_text css=&#8221;&#8221;]<\/p>\n<div>\n<p style=\"text-align: center;\"><strong>Lorem Ipsum<\/strong> is simply dummy text of the printing and typesetting industry. Lorem Ipsum has been the industry&#8217;s standard dummy text ever since the 1500s, when an unknown printer took a galley of type and scrambled it to make a type specimen book.<\/p>\n<p style=\"text-align: center;\">It has survived not only five centuries, but also the leap into electronic typesetting, remaining essentially unchanged. It was popularised in the 1960s with the release of Letraset sheets containing Lorem Ipsum passages, and more recently with desktop publishing software like Aldus PageMaker including versions of Lorem Ipsum.<\/p>\n<div style=\"text-align: center;\">\n<p>The standard chunk of Lorem Ipsum used since the 1500s is reproduced below for those interested. Sections 1.10.32 and 1.10.33 from &#8220;de Finibus Bonorum et Malorum&#8221; by Cicero are also reproduced in their exact original form, accompanied by English versions from the 1914 translation by H. Rackham.<\/p>\n<\/div>\n<\/div>\n<div style=\"text-align: center;\"><\/div>\n<p>[\/vc_column_text][\/vc_column][vc_column width=&#8221;1\/6&#8243;][\/vc_column][\/vc_row][vc_row el_class=&#8221;section contato&#8221;][vc_column width=&#8221;1\/2&#8243;][vc_custom_heading text=&#8221;Consulte a disponibilidade&#8221; use_theme_fonts=&#8221;yes&#8221; css=&#8221;&#8221;][vc_column_text css=&#8221;&#8221;]<span class=\"a_GcMg font-feature-liga-off font-feature-clig-off font-feature-calt-off text-decoration-none text-strikethrough-none\">Entre em contato conosco para verificar a disponibilidade da data e organizar seu evento do jeito que voc\u00ea imagina.<\/span>[\/vc_column_text][vc_raw_html css=&#8221;&#8221;]JTNDYSUyMGhyZWYlM0QlMjJ0ZWwlM0E0MTk5NTUyNTM5MCUyMiUzRSUzQ2klMjBjbGFzcyUzRCUyMmZhJTIwZmEtcGhvbmUlMjIlM0UlM0MlMkZpJTNFJTIwJTI4NDElMjklMjA5JTIwOTU1Mi01MzkwJTNDJTJGYSUzRSUyMCUzQ2JyJTNFJTBEJTBBJTNDYSUyMGhyZWYlM0QlMjJodHRwcyUzQSUyRiUyRndhLm1lJTJGNTU0MTk5NTUyNTM5MCUyMiUyMHRhcmdldCUzRCUyMl9ibGFuayUyMiUzRSUzQ2klMjBjbGFzcyUzRCUyMmZhJTIwZmEtd2hhdHNhcHAlMjIlM0UlM0MlMkZpJTNFJTIwJTI4NDElMjklMjA5JTIwOTU1Mi01MzkwJTNDJTJGYSUzRSUyMCUzQ2JyJTNFJTBEJTBBJTNDYSUyMGhyZWYlM0QlMjJodHRwcyUzQSUyRiUyRm1hcHMuYXBwLmdvby5nbCUyRldqUkZtYWprREc5eHN5RnE5JTIyJTIwdGFyZ2V0JTNEJTIyX2JsYW5rJTIyJTNFJTNDaSUyMGNsYXNzJTNEJTIyZmElMjBmYS1tYXAtbWFya2VyJTIyJTNFJTNDJTJGaSUzRSUyMFJ1YSUyMERvbmElMjBNYXJpYSUyMGRlJTIwTG91cmRlcyUyMEZyYW56b2klMkMlMjA5NjAlMjAlM0NiciUzRSUyMEJhaXJybyUyMFJpbyUyMEFiYWl4aW5obyUyQyUyMEFyYXVjJUMzJUExcmlhJTJGUFIlMjAlM0NiciUzRSUyMFJlZmVyJUMzJUFBbmNpYSUyMFJvZC4lMjBkbyUyMFhpc3RvJTIwJTI4QlI0NzYlMjklMjAlRTIlODAlOTMlMjBBbHR1cmElMjBkbyUyMEtNJTIwMjglM0MlMkZhJTNF[\/vc_raw_html][\/vc_column][vc_column width=&#8221;1\/2&#8243;][vc_raw_html css=&#8221;&#8221;]JTNDaWZyYW1lJTIwc3JjJTNEJTIyaHR0cHMlM0ElMkYlMkZ3d3cuZ29vZ2xlLmNvbSUyRm1hcHMlMkZlbWJlZCUzRnBiJTNEJTIxMW0xOCUyMTFtMTIlMjExbTMlMjExZDM1OTcuMzk1ODgzODU4ODczMyUyMTJkLTQ5LjQ1NjA0MDY5OTk5OTk5NiUyMTNkLTI1LjYyNDk4MzMwMDAwMDAwNCUyMTJtMyUyMTFmMCUyMTJmMCUyMTNmMCUyMTNtMiUyMTFpMTAyNCUyMTJpNzY4JTIxNGYxMy4xJTIxM20zJTIxMW0yJTIxMXMweDk0ZGQwNDFiMzVjYzQ3ZmQlMjUzQTB4YzRmOGI2YTRjNzM1NjcxZCUyMTJzQ2glMjVDMyUyNUExY2FyYSUyNTIwZG9zJTI1MjBQaW5oZWlyYWlzJTIxNWUwJTIxM20yJTIxMXNwdC1CUiUyMTJzYnIlMjE0djE3NTU0MjkzMDc2NzglMjE1bTIlMjExc3B0LUJSJTIxMnNiciUyMiUyMHdpZHRoJTNEJTIyODAwJTIyJTIwaGVpZ2h0JTNEJTIyNjAwJTIyJTIwc3R5bGUlM0QlMjJib3JkZXIlM0EwJTNCJTIyJTIwYWxsb3dmdWxsc2NyZWVuJTNEJTIyJTIyJTIwbG9hZGluZyUzRCUyMmxhenklMjIlMjByZWZlcnJlcnBvbGljeSUzRCUyMm5vLXJlZmVycmVyLXdoZW4tZG93bmdyYWRlJTIyJTNFJTNDJTJGaWZyYW1lJTNF[\/vc_raw_html][\/vc_column][\/vc_row]<\/p>\n<\/div>","protected":false},"excerpt":{"rendered":"<p>[vc_row el_class=&#8221;sobre section&#8221;][vc_column width=&#8221;1\/2&#8243;][vc_custom_heading text=&#8221;Por que escolher a Ch\u00e1cara dos Pinheirais?&#8221; use_theme_fonts=&#8221;yes&#8221; css=&#8221;&#8221;][vc_column_text css=&#8221;&#8221;] A Ch\u00e1cara dos Pinheirais est\u00e1 localizada a 35km de Curitiba, aproximadamente 40 minutos, na cidade de Arauc\u00e1ria. Dispomos de uma \u00e1rea de 80.000 m\u00b2 cercada de muito verde, com uma excelente vista para o lago, fauna e natureza preservada. Nossa Ch\u00e1cara<\/p>\n","protected":false},"author":1,"featured_media":0,"parent":0,"menu_order":0,"comment_status":"closed","ping_status":"closed","template":"","meta":{"footnotes":""},"class_list":["post-7198","page","type-page","status-publish","hentry"],"yoast_head":"<!-- This site is optimized with the Yoast SEO plugin v25.7 - https:\/\/yoast.com\/wordpress\/plugins\/seo\/ -->\n<title>Sobre - Ch\u00e1cara<\/title>\n<meta name=\"robots\" content=\"index, follow, max-snippet:-1, max-image-preview:large, max-video-preview:-1\" \/>\n<link rel=\"canonical\" href=\"https:\/\/michelealvino.com.br\/chacara\/sobre\/\" \/>\n<meta property=\"og:locale\" content=\"pt_BR\" \/>\n<meta property=\"og:type\" content=\"article\" \/>\n<meta property=\"og:title\" content=\"Sobre - Ch\u00e1cara\" \/>\n<meta property=\"og:description\" content=\"[vc_row el_class=&#8221;sobre section&#8221;][vc_column width=&#8221;1\/2&#8243;][vc_custom_heading text=&#8221;Por que escolher a Ch\u00e1cara dos Pinheirais?&#8221; use_theme_fonts=&#8221;yes&#8221; css=&#8221;&#8221;][vc_column_text css=&#8221;&#8221;] A Ch\u00e1cara dos Pinheirais est\u00e1 localizada a 35km de Curitiba, aproximadamente 40 minutos, na cidade de Arauc\u00e1ria. Dispomos de uma \u00e1rea de 80.000 m\u00b2 cercada de muito verde, com uma excelente vista para o lago, fauna e natureza preservada. Nossa Ch\u00e1cara\" \/>\n<meta property=\"og:url\" content=\"https:\/\/michelealvino.com.br\/chacara\/sobre\/\" \/>\n<meta property=\"og:site_name\" content=\"Ch\u00e1cara\" \/>\n<meta property=\"article:modified_time\" content=\"2025-08-20T13:47:51+00:00\" \/>\n<meta name=\"twitter:card\" content=\"summary_large_image\" \/>\n<meta name=\"twitter:label1\" content=\"Est. tempo de leitura\" \/>\n\t<meta name=\"twitter:data1\" content=\"3 minutos\" \/>\n<script type=\"application\/ld+json\" class=\"yoast-schema-graph\">{\"@context\":\"https:\/\/schema.org\",\"@graph\":[{\"@type\":\"WebPage\",\"@id\":\"https:\/\/michelealvino.com.br\/chacara\/sobre\/\",\"url\":\"https:\/\/michelealvino.com.br\/chacara\/sobre\/\",\"name\":\"Sobre - Ch\u00e1cara\",\"isPartOf\":{\"@id\":\"https:\/\/michelealvino.com.br\/chacara\/#website\"},\"datePublished\":\"2025-08-17T12:38:04+00:00\",\"dateModified\":\"2025-08-20T13:47:51+00:00\",\"breadcrumb\":{\"@id\":\"https:\/\/michelealvino.com.br\/chacara\/sobre\/#breadcrumb\"},\"inLanguage\":\"pt-BR\",\"potentialAction\":[{\"@type\":\"ReadAction\",\"target\":[\"https:\/\/michelealvino.com.br\/chacara\/sobre\/\"]}]},{\"@type\":\"BreadcrumbList\",\"@id\":\"https:\/\/michelealvino.com.br\/chacara\/sobre\/#breadcrumb\",\"itemListElement\":[{\"@type\":\"ListItem\",\"position\":1,\"name\":\"In\u00edcio\",\"item\":\"https:\/\/michelealvino.com.br\/chacara\/\"},{\"@type\":\"ListItem\",\"position\":2,\"name\":\"Sobre\"}]},{\"@type\":\"WebSite\",\"@id\":\"https:\/\/michelealvino.com.br\/chacara\/#website\",\"url\":\"https:\/\/michelealvino.com.br\/chacara\/\",\"name\":\"Ch\u00e1cara dos Pinheirais\",\"description\":\"\",\"publisher\":{\"@id\":\"https:\/\/michelealvino.com.br\/chacara\/#organization\"},\"potentialAction\":[{\"@type\":\"SearchAction\",\"target\":{\"@type\":\"EntryPoint\",\"urlTemplate\":\"https:\/\/michelealvino.com.br\/chacara\/?s={search_term_string}\"},\"query-input\":{\"@type\":\"PropertyValueSpecification\",\"valueRequired\":true,\"valueName\":\"search_term_string\"}}],\"inLanguage\":\"pt-BR\"},{\"@type\":\"Organization\",\"@id\":\"https:\/\/michelealvino.com.br\/chacara\/#organization\",\"name\":\"Ch\u00e1cara dos Pinheirais\",\"url\":\"https:\/\/michelealvino.com.br\/chacara\/\",\"logo\":{\"@type\":\"ImageObject\",\"inLanguage\":\"pt-BR\",\"@id\":\"https:\/\/michelealvino.com.br\/chacara\/#\/schema\/logo\/image\/\",\"url\":\"https:\/\/michelealvino.com.br\/chacara\/wp-content\/uploads\/2025\/08\/Screenshot-from-2025-08-15-15-16-20.png\",\"contentUrl\":\"https:\/\/michelealvino.com.br\/chacara\/wp-content\/uploads\/2025\/08\/Screenshot-from-2025-08-15-15-16-20.png\",\"width\":812,\"height\":343,\"caption\":\"Ch\u00e1cara dos Pinheirais\"},\"image\":{\"@id\":\"https:\/\/michelealvino.com.br\/chacara\/#\/schema\/logo\/image\/\"}}]}<\/script>\n<!-- \/ Yoast SEO plugin. -->","yoast_head_json":{"title":"Sobre - Ch\u00e1cara","robots":{"index":"index","follow":"follow","max-snippet":"max-snippet:-1","max-image-preview":"max-image-preview:large","max-video-preview":"max-video-preview:-1"},"canonical":"https:\/\/michelealvino.com.br\/chacara\/sobre\/","og_locale":"pt_BR","og_type":"article","og_title":"Sobre - Ch\u00e1cara","og_description":"[vc_row el_class=&#8221;sobre section&#8221;][vc_column width=&#8221;1\/2&#8243;][vc_custom_heading text=&#8221;Por que escolher a Ch\u00e1cara dos Pinheirais?&#8221; use_theme_fonts=&#8221;yes&#8221; css=&#8221;&#8221;][vc_column_text css=&#8221;&#8221;] A Ch\u00e1cara dos Pinheirais est\u00e1 localizada a 35km de Curitiba, aproximadamente 40 minutos, na cidade de Arauc\u00e1ria. Dispomos de uma \u00e1rea de 80.000 m\u00b2 cercada de muito verde, com uma excelente vista para o lago, fauna e natureza preservada. Nossa Ch\u00e1cara","og_url":"https:\/\/michelealvino.com.br\/chacara\/sobre\/","og_site_name":"Ch\u00e1cara","article_modified_time":"2025-08-20T13:47:51+00:00","twitter_card":"summary_large_image","twitter_misc":{"Est. tempo de leitura":"3 minutos"},"schema":{"@context":"https:\/\/schema.org","@graph":[{"@type":"WebPage","@id":"https:\/\/michelealvino.com.br\/chacara\/sobre\/","url":"https:\/\/michelealvino.com.br\/chacara\/sobre\/","name":"Sobre - Ch\u00e1cara","isPartOf":{"@id":"https:\/\/michelealvino.com.br\/chacara\/#website"},"datePublished":"2025-08-17T12:38:04+00:00","dateModified":"2025-08-20T13:47:51+00:00","breadcrumb":{"@id":"https:\/\/michelealvino.com.br\/chacara\/sobre\/#breadcrumb"},"inLanguage":"pt-BR","potentialAction":[{"@type":"ReadAction","target":["https:\/\/michelealvino.com.br\/chacara\/sobre\/"]}]},{"@type":"BreadcrumbList","@id":"https:\/\/michelealvino.com.br\/chacara\/sobre\/#breadcrumb","itemListElement":[{"@type":"ListItem","position":1,"name":"In\u00edcio","item":"https:\/\/michelealvino.com.br\/chacara\/"},{"@type":"ListItem","position":2,"name":"Sobre"}]},{"@type":"WebSite","@id":"https:\/\/michelealvino.com.br\/chacara\/#website","url":"https:\/\/michelealvino.com.br\/chacara\/","name":"Ch\u00e1cara dos Pinheirais","description":"","publisher":{"@id":"https:\/\/michelealvino.com.br\/chacara\/#organization"},"potentialAction":[{"@type":"SearchAction","target":{"@type":"EntryPoint","urlTemplate":"https:\/\/michelealvino.com.br\/chacara\/?s={search_term_string}"},"query-input":{"@type":"PropertyValueSpecification","valueRequired":true,"valueName":"search_term_string"}}],"inLanguage":"pt-BR"},{"@type":"Organization","@id":"https:\/\/michelealvino.com.br\/chacara\/#organization","name":"Ch\u00e1cara dos Pinheirais","url":"https:\/\/michelealvino.com.br\/chacara\/","logo":{"@type":"ImageObject","inLanguage":"pt-BR","@id":"https:\/\/michelealvino.com.br\/chacara\/#\/schema\/logo\/image\/","url":"https:\/\/michelealvino.com.br\/chacara\/wp-content\/uploads\/2025\/08\/Screenshot-from-2025-08-15-15-16-20.png","contentUrl":"https:\/\/michelealvino.com.br\/chacara\/wp-content\/uploads\/2025\/08\/Screenshot-from-2025-08-15-15-16-20.png","width":812,"height":343,"caption":"Ch\u00e1cara dos Pinheirais"},"image":{"@id":"https:\/\/michelealvino.com.br\/chacara\/#\/schema\/logo\/image\/"}}]}},"_links":{"self":[{"href":"https:\/\/michelealvino.com.br\/chacara\/wp-json\/wp\/v2\/pages\/7198","targetHints":{"allow":["GET"]}}],"collection":[{"href":"https:\/\/michelealvino.com.br\/chacara\/wp-json\/wp\/v2\/pages"}],"about":[{"href":"https:\/\/michelealvino.com.br\/chacara\/wp-json\/wp\/v2\/types\/page"}],"author":[{"embeddable":true,"href":"https:\/\/michelealvino.com.br\/chacara\/wp-json\/wp\/v2\/users\/1"}],"replies":[{"embeddable":true,"href":"https:\/\/michelealvino.com.br\/chacara\/wp-json\/wp\/v2\/comments?post=7198"}],"version-history":[{"count":7,"href":"https:\/\/michelealvino.com.br\/chacara\/wp-json\/wp\/v2\/pages\/7198\/revisions"}],"predecessor-version":[{"id":7334,"href":"https:\/\/michelealvino.com.br\/chacara\/wp-json\/wp\/v2\/pages\/7198\/revisions\/7334"}],"wp:attachment":[{"href":"https:\/\/michelealvino.com.br\/chacara\/wp-json\/wp\/v2\/media?parent=7198"}],"curies":[{"name":"wp","href":"https:\/\/api.w.org\/{rel}","templated":true}]}}