{"id":1071,"date":"2015-12-14T07:14:55","date_gmt":"2015-12-14T07:14:55","guid":{"rendered":"http:\/\/consulting.stylemixthemes.com\/?page_id=2"},"modified":"2025-09-05T16:05:19","modified_gmt":"2025-09-05T19:05:19","slug":"sample-page-2","status":"publish","type":"page","link":"https:\/\/michelealvino.com.br\/chacara\/","title":{"rendered":"Home"},"content":{"rendered":"<div class=\"wpb-content-wrapper\"><p>[vc_row full_width=&#8221;stretch_row&#8221; el_class=&#8221;hero&#8221;][vc_column width=&#8221;1\/2&#8243;][vc_custom_heading text=&#8221;Ch\u00e1cara para Eventos em Arauc\u00e1ria&#8221; font_container=&#8221;tag:h1|text_align:left&#8221; use_theme_fonts=&#8221;yes&#8221; css=&#8221;&#8221;][vc_column_text css=&#8221;&#8221;]<\/p>\n<p class=\"cvGsUA direction-ltr align-start para-style-body\"><span class=\"a_GcMg font-feature-liga-off font-feature-clig-off font-feature-calt-off text-decoration-none text-strikethrough-none\">Um espa\u00e7o completo para <strong>casamentos<\/strong>, <strong>retiros<\/strong>, <strong>anivers\u00e1rios<\/strong> e <strong>encontros<\/strong>.<\/span><\/p>\n<p class=\"cvGsUA direction-ltr align-start para-style-body\"><span class=\"a_GcMg font-feature-liga-off font-feature-clig-off font-feature-calt-off text-decoration-none text-strikethrough-none\">Fa\u00e7a aqui o seu evento!<\/span><\/p>\n<p>[\/vc_column_text][vc_raw_html css=&#8221;&#8221;]JTNDYSUyMGhyZWYlM0QlMjJodHRwcyUzQSUyRiUyRndhLm1lJTJGNTU0MTk5NTUyNTM5MCUyMiUyMGNsYXNzJTNEJTIyd2hhdHNhcHAlMjIlMjB0YXJnZXQlM0QlMjJfYmxhbmslMjIlM0UlM0NpJTIwY2xhc3MlM0QlMjJmYSUyMGZhLXdoYXRzYXBwJTIyJTNFJTNDJTJGaSUzRSUyMFdoYXRzQXBwJTNDJTJGYSUzRQ==[\/vc_raw_html][\/vc_column][vc_column width=&#8221;1\/2&#8243;][\/vc_column][\/vc_row][vc_row el_class=&#8221;sobre section&#8221;][vc_column width=&#8221;1\/2&#8243;][vc_custom_heading text=&#8221;Por que escolher a<br \/>\n<b>Ch\u00e1cara dos Pinheirais?<\/b>&#8221; use_theme_fonts=&#8221;yes&#8221; css=&#8221;&#8221;][vc_column_text css=&#8221;&#8221;]<\/p>\n<p class=\"cvGsUA direction-ltr align-start para-style-body\"><span class=\"a_GcMg font-feature-liga-off font-feature-clig-off font-feature-calt-off text-decoration-none text-strikethrough-none\">A Ch\u00e1cara dos Pinheirais est\u00e1 localizada a 35km de Curitiba, aproximadamente 40 minutos, na cidade de Arauc\u00e1ria. Dispomos de uma \u00e1rea de 80.000 m\u00b2 cercada de muito verde, com uma excelente vista para o lago, fauna e natureza preservada.<\/span><\/p>\n<p class=\"cvGsUA direction-ltr align-start para-style-body\"><span class=\"a_GcMg font-feature-liga-off font-feature-clig-off font-feature-calt-off text-decoration-none text-strikethrough-none\">Nossa Ch\u00e1cara oferece um espa\u00e7o de 1800 m\u00b2 de \u00e1rea constru\u00edda, alojamentos, amplo estacionamento e uma estrutura ideal para casamentos, retiros, eventos corporativos e encontros.<\/span><\/p>\n<p>[\/vc_column_text][vc_raw_html css=&#8221;&#8221;]JTNDYSUyMGhyZWYlM0QlMjJodHRwcyUzQSUyRiUyRndhLm1lJTJGNTU0MTk5NTUyNTM5MCUyMiUyMGNsYXNzJTNEJTIyd2hhdHNhcHAlMjIlMjB0YXJnZXQlM0QlMjJfYmxhbmslMjIlM0UlM0NpJTIwY2xhc3MlM0QlMjJmYSUyMGZhLXdoYXRzYXBwJTIyJTNFJTNDJTJGaSUzRSUyMFdoYXRzQXBwJTNDJTJGYSUzRQ==[\/vc_raw_html][\/vc_column][vc_column width=&#8221;1\/2&#8243;][vc_images_carousel images=&#8221;7240,7237,7238,7236,7235,7234,7233&#8243; img_size=&#8221;full&#8221; onclick=&#8221;link_no&#8221; autoplay=&#8221;yes&#8221; wrap=&#8221;yes&#8221; css=&#8221;&#8221;][\/vc_column][\/vc_row][vc_row full_width=&#8221;stretch_row&#8221; el_class=&#8221;estrutura section green&#8221;][vc_column][vc_row_inner][vc_column_inner width=&#8221;1\/4&#8243;][\/vc_column_inner][vc_column_inner width=&#8221;1\/2&#8243;][vc_custom_heading text=&#8221;Estrutura&#8221; font_container=&#8221;tag:h2|text_align:center&#8221; use_theme_fonts=&#8221;yes&#8221; css=&#8221;&#8221;][vc_column_text css=&#8221;&#8221;]<\/p>\n<p class=\"cvGsUA direction-ltr align-center para-style-body\" style=\"text-align: center;\"><span class=\"a_GcMg font-feature-liga-off font-feature-clig-off font-feature-calt-off text-decoration-none text-strikethrough-none\">Infraestrutura completa com capacidade para at\u00e9 150 pessoas.<\/span><\/p>\n<p>[\/vc_column_text][stm_spacing sm_spacing=&#8221;30px&#8221; xs_spacing=&#8221;30px&#8221;][\/vc_column_inner][vc_column_inner width=&#8221;1\/4&#8243;][\/vc_column_inner][\/vc_row_inner][vc_row_inner][vc_column_inner width=&#8221;1\/2&#8243;][vc_custom_heading text=&#8221;\u00c1rea de eventos&#8221; font_container=&#8221;tag:h3|text_align:center&#8221; use_theme_fonts=&#8221;yes&#8221; css=&#8221;&#8221;][vc_images_carousel images=&#8221;7423,7431,7422,7401,7402,7235,7403,7420,7428,7429,7425&#8243; img_size=&#8221;full&#8221; slides_per_view=&#8221;2&#8243; wrap=&#8221;yes&#8221; css=&#8221;&#8221; el_class=&#8221;carrossel-desktop&#8221;][vc_images_carousel images=&#8221;7423,7431,7422,7401,7402,7235,7403,7420,7428,7429,7425&#8243; img_size=&#8221;full&#8221; slides_per_view=&#8221;2&#8243; wrap=&#8221;yes&#8221; css=&#8221;&#8221; el_class=&#8221;carrossel-mobile&#8221;][stm_spacing lg_spacing=&#8221;50px&#8221; md_spacing=&#8221;50px&#8221; sm_spacing=&#8221;50px&#8221; xs_spacing=&#8221;50px&#8221;][\/vc_column_inner][vc_column_inner width=&#8221;1\/2&#8243;][vc_custom_heading text=&#8221;Lazer&#8221; font_container=&#8221;tag:h3|text_align:center&#8221; use_theme_fonts=&#8221;yes&#8221; css=&#8221;&#8221;][vc_images_carousel images=&#8221;7427,7424,7430,7238,7419&#8243; img_size=&#8221;full&#8221; slides_per_view=&#8221;2&#8243; wrap=&#8221;yes&#8221; css=&#8221;&#8221; el_class=&#8221;carrossel-desktop&#8221;][vc_images_carousel images=&#8221;7427,7424,7430,7238,7419&#8243; img_size=&#8221;full&#8221; slides_per_view=&#8221;2&#8243; wrap=&#8221;yes&#8221; css=&#8221;&#8221; el_class=&#8221;carrossel-mobile&#8221;][stm_spacing lg_spacing=&#8221;50px&#8221; md_spacing=&#8221;50px&#8221; sm_spacing=&#8221;50px&#8221; xs_spacing=&#8221;50px&#8221;][\/vc_column_inner][\/vc_row_inner][vc_row_inner][vc_column_inner width=&#8221;1\/2&#8243;][vc_custom_heading text=&#8221;Dormit\u00f3rios&#8221; font_container=&#8221;tag:h3|text_align:center&#8221; use_theme_fonts=&#8221;yes&#8221; css=&#8221;&#8221;][vc_images_carousel images=&#8221;7446,7470,7471,7472&#8243; img_size=&#8221;full&#8221; slides_per_view=&#8221;2&#8243; wrap=&#8221;yes&#8221; css=&#8221;&#8221; el_class=&#8221;carrossel-desktop&#8221;][vc_images_carousel images=&#8221;7446,7472,7471,7470&#8243; img_size=&#8221;full&#8221; slides_per_view=&#8221;2&#8243; wrap=&#8221;yes&#8221; css=&#8221;&#8221; el_class=&#8221;carrossel-mobile&#8221;][stm_spacing lg_spacing=&#8221;50px&#8221; md_spacing=&#8221;50px&#8221; sm_spacing=&#8221;50px&#8221; xs_spacing=&#8221;50px&#8221;][\/vc_column_inner][vc_column_inner width=&#8221;1\/2&#8243;][vc_custom_heading text=&#8221;\u00c1rea externa&#8221; font_container=&#8221;tag:h3|text_align:center&#8221; use_theme_fonts=&#8221;yes&#8221; css=&#8221;&#8221;][vc_images_carousel images=&#8221;7417,7418,7427,7233,7237,7238,7419&#8243; img_size=&#8221;full&#8221; slides_per_view=&#8221;2&#8243; wrap=&#8221;yes&#8221; css=&#8221;&#8221; el_class=&#8221;carrossel-desktop&#8221;][vc_images_carousel images=&#8221;7417,7418,7427,7233,7237,7238,7419&#8243; img_size=&#8221;full&#8221; slides_per_view=&#8221;2&#8243; wrap=&#8221;yes&#8221; css=&#8221;&#8221; el_class=&#8221;carrossel-mobile&#8221;][stm_spacing lg_spacing=&#8221;50px&#8221; md_spacing=&#8221;50px&#8221; sm_spacing=&#8221;50px&#8221; xs_spacing=&#8221;50px&#8221;][\/vc_column_inner][\/vc_row_inner][\/vc_column][\/vc_row][vc_row el_class=&#8221;section local&#8221;][vc_column width=&#8221;1\/2&#8243;][vc_raw_html css=&#8221;&#8221;]JTNDZGl2JTIwY2xhc3MlM0QlMjJjYXJkJTIyJTNFJTBEJTBBJTIwJTIwJTIwJTIwJTNDZGl2JTIwY2xhc3MlM0QlMjJjYXJkLWltYWdlJTIyJTNFJTBEJTBBJTIwJTIwJTIwJTIwJTIwJTIwJTIwJTIwJTNDaW1nJTIwc3JjJTNEJTIyaHR0cHMlM0ElMkYlMkZndXVsaXZlci5jb20uYnIlMkZwcm9qZXRvcyUyRmNoYWNhcmElMkZ3cC1jb250ZW50JTJGdXBsb2FkcyUyRjIwMjUlMkYwOCUyRmNhbXBvLWRlLWZ1dGVib2wuanBnJTIyJTIwYWx0JTNEJTIyJTIyJTNFJTBEJTBBJTIwJTIwJTIwJTIwJTNDJTJGZGl2JTNFJTBEJTBBJTIwJTIwJTIwJTIwJTNDZGl2JTIwY2xhc3MlM0QlMjJjYXJkLXRleHRvJTIyJTNFJTBEJTBBJTIwJTIwJTIwJTIwJTIwJTIwJTIwJTIwJTNDaDQlM0VDb21wbGV0YSUyMGVzdHJ1dHVyYSUyMGRlJTIwbGF6ZXIlM0MlMkZoNCUzRSUwRCUwQSUyMCUyMCUyMCUyMCUyMCUyMCUyMCUyMCUzQ3VsJTNFJTBEJTBBJTIwJTIwJTIwJTIwJTIwJTIwJTIwJTIwJTIwJTIwJTIwJTIwJTNDbGklM0VQbGF5Z3JvdW5kJTNDJTJGbGklM0UlMEQlMEElMjAlMjAlMjAlMjAlMjAlMjAlMjAlMjAlMjAlMjAlMjAlMjAlM0NsaSUzRUNhbXBvJTIwZGUlMjBmdXRlYm9sJTNDJTJGbGklM0UlMEQlMEElMjAlMjAlMjAlMjAlMjAlMjAlMjAlMjAlMjAlMjAlMjAlMjAlM0NsaSUzRVF1YWRyYSUyMHBvbGllc3BvcnRpdmElM0MlMkZsaSUzRSUwRCUwQSUyMCUyMCUyMCUyMCUyMCUyMCUyMCUyMCUyMCUyMCUyMCUyMCUzQ2xpJTNFUGVzY2ElMjBlc3BvcnRpdmElM0MlMkZsaSUzRSUwRCUwQSUyMCUyMCUyMCUyMCUyMCUyMCUyMCUyMCUyMCUyMCUyMCUyMCUzQ2xpJTNFUGlzY2luYSUzQyUyRmxpJTNFJTBEJTBBJTIwJTIwJTIwJTIwJTIwJTIwJTIwJTIwJTNDJTJGdWwlM0UlMEQlMEElMjAlMjAlMjAlMjAlM0MlMkZkaXYlM0UlMEQlMEElM0MlMkZkaXYlM0U=[\/vc_raw_html][\/vc_column][vc_column width=&#8221;1\/2&#8243;][vc_raw_html css=&#8221;&#8221;]JTNDZGl2JTIwY2xhc3MlM0QlMjJjYXJkJTIyJTNFJTBEJTBBJTIwJTIwJTIwJTIwJTNDZGl2JTIwY2xhc3MlM0QlMjJjYXJkLWltYWdlJTIyJTNFJTBEJTBBJTIwJTIwJTIwJTIwJTIwJTIwJTIwJTIwJTNDaW1nJTIwc3JjJTNEJTIyaHR0cHMlM0ElMkYlMkZndXVsaXZlci5jb20uYnIlMkZwcm9qZXRvcyUyRmNoYWNhcmElMkZ3cC1jb250ZW50JTJGdXBsb2FkcyUyRjIwMjUlMkYwOCUyRmxhZ28uanBnJTIyJTIwYWx0JTNEJTIyJTIyJTNFJTBEJTBBJTIwJTIwJTIwJTIwJTNDJTJGZGl2JTNFJTBEJTBBJTIwJTIwJTIwJTIwJTNDZGl2JTIwY2xhc3MlM0QlMjJjYXJkLXRleHRvJTIyJTNFJTBEJTBBJTIwJTIwJTIwJTIwJTIwJTIwJTIwJTIwJTNDaDQlM0VMb2NhbCUyMGNlcmNhZG8lMjBwZWxhJTIwbmF0dXJlemElM0MlMkZoNCUzRSUwRCUwQSUyMCUyMCUyMCUyMCUyMCUyMCUyMCUyMCUzQ3VsJTNFJTBEJTBBJTIwJTIwJTIwJTIwJTIwJTIwJTIwJTIwJTIwJTIwJTIwJTIwJTNDbGklM0VMYWdvJTNDJTJGbGklM0UlMEQlMEElMjAlMjAlMjAlMjAlMjAlMjAlMjAlMjAlMjAlMjAlMjAlMjAlM0NsaSUzRUVzcGElQzMlQTdvJTIwcGFyYSUyMGNhbXBpbmclM0MlMkZsaSUzRSUwRCUwQSUyMCUyMCUyMCUyMCUyMCUyMCUyMCUyMCUyMCUyMCUyMCUyMCUzQ2xpJTNFVHJpbGhhJTIwZWNvbCVDMyVCM2dpY2ElM0MlMkZsaSUzRSUwRCUwQSUyMCUyMCUyMCUyMCUyMCUyMCUyMCUyMCUyMCUyMCUyMCUyMCUzQ2xpJTNFQm9zcXVlJTNDJTJGbGklM0UlMEQlMEElMjAlMjAlMjAlMjAlMjAlMjAlMjAlMjAlMjAlMjAlMjAlMjAlM0NsaSUzRUNhc2ElMjBjZW50ZW4lQzMlQTFyaWElM0MlMkZsaSUzRSUwRCUwQSUyMCUyMCUyMCUyMCUyMCUyMCUyMCUyMCUzQyUyRnVsJTNFJTBEJTBBJTIwJTIwJTIwJTIwJTNDJTJGZGl2JTNFJTBEJTBBJTNDJTJGZGl2JTNF[\/vc_raw_html][\/vc_column][\/vc_row][vc_row full_width=&#8221;stretch_row&#8221; el_class=&#8221;eventos section green&#8221;][vc_column][vc_custom_heading text=&#8221;Eventos&#8221; font_container=&#8221;tag:h2|text_align:center&#8221; use_theme_fonts=&#8221;yes&#8221; css=&#8221;&#8221;][vc_column_text css=&#8221;&#8221;]<\/p>\n<p style=\"text-align: center;\"><span class=\"a_GcMg font-feature-liga-off font-feature-clig-off font-feature-calt-off text-decoration-none text-strikethrough-none\">Nossa ch\u00e1cara para eventos em Arauc\u00e1ria \u00e9 o espa\u00e7o ideal para celebrar todo tipo de ocasi\u00e3o, do jeito que voc\u00ea sempre sonhou.<\/span><\/p>\n<p>[\/vc_column_text][vc_row_inner][vc_column_inner width=&#8221;1\/2&#8243;][vc_raw_html css=&#8221;&#8221;]JTNDYSUyMGhyZWYlM0QlMjJodHRwcyUzQSUyRiUyRm1pY2hlbGVhbHZpbm8uY29tLmJyJTJGY2hhY2FyYSUyRmV2ZW50b3MlMkZjaGFjYXJhLXBhcmEtY2FzYW1lbnRvcy1lbS1hcmF1Y2FyaWElMkYlMjIlMjBjbGFzcyUzRCUyMmNhcmQtZXZlbnRvcyUyMGNhc2FtZW50b3MlMjIlM0UlMEQlMEElMjAlMjAlMjAlMjAlM0NoMyUzRUNhc2FtZW50b3MlM0MlMkZoMyUzRSUwRCUwQSUzQyUyRmElM0U=[\/vc_raw_html][\/vc_column_inner][vc_column_inner width=&#8221;1\/2&#8243;][vc_raw_html css=&#8221;&#8221;]JTNDYSUyMGhyZWYlM0QlMjJodHRwcyUzQSUyRiUyRm1pY2hlbGVhbHZpbm8uY29tLmJyJTJGY2hhY2FyYSUyRmV2ZW50b3MlMkZjaGFjYXJhLXBhcmEtYW5pdmVyc2FyaW9zLWVtLWFyYXVjYXJpYSUyRiUyMiUyMGNsYXNzJTNEJTIyY2FyZC1ldmVudG9zJTIwYW5pdmVyc2FyaW9zJTIyJTNFJTBEJTBBJTIwJTIwJTIwJTIwJTNDaDMlM0VBbml2ZXJzJUMzJUExcmlvcyUzQyUyRmgzJTNFJTBEJTBBJTNDJTJGYSUzRQ==[\/vc_raw_html][\/vc_column_inner][\/vc_row_inner][vc_row_inner][vc_column_inner width=&#8221;1\/3&#8243;][vc_raw_html css=&#8221;&#8221;]JTNDYSUyMGhyZWYlM0QlMjJodHRwcyUzQSUyRiUyRm1pY2hlbGVhbHZpbm8uY29tLmJyJTJGY2hhY2FyYSUyRmV2ZW50b3MlMkZjaGFjYXJhLXBhcmEtcmV0aXJvcy1yZWxpZ2lvc29zLWVtLWFyYXVjYXJpYSUyRiUyMiUyMGNsYXNzJTNEJTIyY2FyZC1ldmVudG9zJTIwcmV0aXJvcyUyMiUzRSUwRCUwQSUyMCUyMCUyMCUyMCUzQ2gzJTNFUmV0aXJvcyUyMHJlbGlnaW9zb3MlM0MlMkZoMyUzRSUwRCUwQSUzQyUyRmElM0U=[\/vc_raw_html][\/vc_column_inner][vc_column_inner width=&#8221;1\/3&#8243;][vc_raw_html css=&#8221;&#8221;]JTNDYSUyMGhyZWYlM0QlMjJodHRwcyUzQSUyRiUyRm1pY2hlbGVhbHZpbm8uY29tLmJyJTJGY2hhY2FyYSUyRmV2ZW50b3MlMkZjaGFjYXJhLXBhcmEtZXZlbnRvcy1jb3Jwb3JhdGl2b3MtZW0tYXJhdWNhcmlhJTJGJTIyJTIwY2xhc3MlM0QlMjJjYXJkLWV2ZW50b3MlMjBjb3Jwb3JhdGl2b3MlMjIlM0UlMEQlMEElMjAlMjAlMjAlMjAlM0NoMyUzRUV2ZW50b3MlMjBjb3Jwb3JhdGl2b3MlM0MlMkZoMyUzRSUwRCUwQSUzQyUyRmElM0U=[\/vc_raw_html][\/vc_column_inner][vc_column_inner width=&#8221;1\/3&#8243;][vc_raw_html css=&#8221;&#8221;]JTNDYSUyMGhyZWYlM0QlMjJodHRwcyUzQSUyRiUyRm1pY2hlbGVhbHZpbm8uY29tLmJyJTJGY2hhY2FyYSUyRmV2ZW50b3MlMkZjaGFjYXJhLXBhcmEtY29uZnJhdGVybml6YWNvZXMtZW0tYXJhdWNhcmlhJTJGJTIyJTIwY2xhc3MlM0QlMjJjYXJkLWV2ZW50b3MlMjBjb25mcmF0ZXJuaXphY29lcyUyMiUzRSUwRCUwQSUyMCUyMCUyMCUyMCUzQ2gzJTNFQ29uZnJhdGVybml6YSVDMyVBNyVDMyVCNWVzJTNDJTJGaDMlM0UlMEQlMEElM0MlMkZhJTNF[\/vc_raw_html][\/vc_column_inner][\/vc_row_inner][\/vc_column][\/vc_row][vc_row el_class=&#8221;section contato&#8221;][vc_column width=&#8221;1\/2&#8243;][vc_custom_heading text=&#8221;Consulte a disponibilidade&#8221; use_theme_fonts=&#8221;yes&#8221; css=&#8221;&#8221;][vc_column_text css=&#8221;&#8221;]<span class=\"a_GcMg font-feature-liga-off font-feature-clig-off font-feature-calt-off text-decoration-none text-strikethrough-none\">Entre em contato conosco para verificar a disponibilidade da data e organizar seu evento do jeito que voc\u00ea imagina.<\/span>[\/vc_column_text][vc_raw_html css=&#8221;&#8221;]JTNDYSUyMGhyZWYlM0QlMjJ0ZWwlM0E0MTk5NTUyNTM5MCUyMiUzRSUzQ2klMjBjbGFzcyUzRCUyMmZhJTIwZmEtcGhvbmUlMjIlM0UlM0MlMkZpJTNFJTIwJTI4NDElMjklMjA5JTIwOTU1Mi01MzkwJTNDJTJGYSUzRSUyMCUzQ2JyJTNFJTBEJTBBJTNDYSUyMGhyZWYlM0QlMjJodHRwcyUzQSUyRiUyRndhLm1lJTJGNTU0MTk5NTUyNTM5MCUyMiUyMHRhcmdldCUzRCUyMl9ibGFuayUyMiUzRSUzQ2klMjBjbGFzcyUzRCUyMmZhJTIwZmEtd2hhdHNhcHAlMjIlM0UlM0MlMkZpJTNFJTIwJTI4NDElMjklMjA5JTIwOTU1Mi01MzkwJTNDJTJGYSUzRSUyMCUzQ2JyJTNFJTBEJTBBJTNDYSUyMGhyZWYlM0QlMjJodHRwcyUzQSUyRiUyRm1hcHMuYXBwLmdvby5nbCUyRldqUkZtYWprREc5eHN5RnE5JTIyJTIwdGFyZ2V0JTNEJTIyX2JsYW5rJTIyJTNFJTNDaSUyMGNsYXNzJTNEJTIyZmElMjBmYS1tYXAtbWFya2VyJTIyJTNFJTNDJTJGaSUzRSUyMFJ1YSUyMERvbmElMjBNYXJpYSUyMGRlJTIwTG91cmRlcyUyMEZyYW56b2klMkMlMjA5NjAlMjAlM0NiciUzRSUyMEJhaXJybyUyMFJpbyUyMEFiYWl4aW5obyUyQyUyMEFyYXVjJUMzJUExcmlhJTJGUFIlMjAlM0NiciUzRSUyMFJlZmVyJUMzJUFBbmNpYSUyMFJvZC4lMjBkbyUyMFhpc3RvJTIwJTI4QlI0NzYlMjklMjAlRTIlODAlOTMlMjBBbHR1cmElMjBkbyUyMEtNJTIwMjglM0MlMkZhJTNF[\/vc_raw_html][\/vc_column][vc_column width=&#8221;1\/2&#8243;][vc_raw_html css=&#8221;&#8221;]JTNDaWZyYW1lJTIwc3JjJTNEJTIyaHR0cHMlM0ElMkYlMkZ3d3cuZ29vZ2xlLmNvbSUyRm1hcHMlMkZlbWJlZCUzRnBiJTNEJTIxMW0xOCUyMTFtMTIlMjExbTMlMjExZDM1OTcuMzk1ODgzODU4ODczMyUyMTJkLTQ5LjQ1NjA0MDY5OTk5OTk5NiUyMTNkLTI1LjYyNDk4MzMwMDAwMDAwNCUyMTJtMyUyMTFmMCUyMTJmMCUyMTNmMCUyMTNtMiUyMTFpMTAyNCUyMTJpNzY4JTIxNGYxMy4xJTIxM20zJTIxMW0yJTIxMXMweDk0ZGQwNDFiMzVjYzQ3ZmQlMjUzQTB4YzRmOGI2YTRjNzM1NjcxZCUyMTJzQ2glMjVDMyUyNUExY2FyYSUyNTIwZG9zJTI1MjBQaW5oZWlyYWlzJTIxNWUwJTIxM20yJTIxMXNwdC1CUiUyMTJzYnIlMjE0djE3NTU0MjkzMDc2NzglMjE1bTIlMjExc3B0LUJSJTIxMnNiciUyMiUyMHdpZHRoJTNEJTIyODAwJTIyJTIwaGVpZ2h0JTNEJTIyNjAwJTIyJTIwc3R5bGUlM0QlMjJib3JkZXIlM0EwJTNCJTIyJTIwYWxsb3dmdWxsc2NyZWVuJTNEJTIyJTIyJTIwbG9hZGluZyUzRCUyMmxhenklMjIlMjByZWZlcnJlcnBvbGljeSUzRCUyMm5vLXJlZmVycmVyLXdoZW4tZG93bmdyYWRlJTIyJTNFJTNDJTJGaWZyYW1lJTNF[\/vc_raw_html][\/vc_column][\/vc_row]<\/p>\n<\/div>","protected":false},"excerpt":{"rendered":"<p>[vc_row full_width=&#8221;stretch_row&#8221; el_class=&#8221;hero&#8221;][vc_column width=&#8221;1\/2&#8243;][vc_custom_heading text=&#8221;Ch\u00e1cara para Eventos em Arauc\u00e1ria&#8221; font_container=&#8221;tag:h1|text_align:left&#8221; use_theme_fonts=&#8221;yes&#8221; css=&#8221;&#8221;][vc_column_text css=&#8221;&#8221;] Um espa\u00e7o completo para casamentos, retiros, anivers\u00e1rios e encontros. Fa\u00e7a aqui o seu evento! [\/vc_column_text][vc_raw_html css=&#8221;&#8221;]JTNDYSUyMGhyZWYlM0QlMjJodHRwcyUzQSUyRiUyRndhLm1lJTJGNTU0MTk5NTUyNTM5MCUyMiUyMGNsYXNzJTNEJTIyd2hhdHNhcHAlMjIlMjB0YXJnZXQlM0QlMjJfYmxhbmslMjIlM0UlM0NpJTIwY2xhc3MlM0QlMjJmYSUyMGZhLXdoYXRzYXBwJTIyJTNFJTNDJTJGaSUzRSUyMFdoYXRzQXBwJTNDJTJGYSUzRQ==[\/vc_raw_html][\/vc_column][vc_column width=&#8221;1\/2&#8243;][\/vc_column][\/vc_row][vc_row el_class=&#8221;sobre section&#8221;][vc_column width=&#8221;1\/2&#8243;][vc_custom_heading text=&#8221;Por que escolher a Ch\u00e1cara dos Pinheirais?&#8221; use_theme_fonts=&#8221;yes&#8221; css=&#8221;&#8221;][vc_column_text css=&#8221;&#8221;] A Ch\u00e1cara dos Pinheirais est\u00e1 localizada a 35km de Curitiba, aproximadamente 40<\/p>\n","protected":false},"author":1,"featured_media":0,"parent":0,"menu_order":0,"comment_status":"closed","ping_status":"closed","template":"","meta":{"footnotes":""},"class_list":["post-1071","page","type-page","status-publish","hentry"],"yoast_head":"<!-- This site is optimized with the Yoast SEO plugin v25.7 - https:\/\/yoast.com\/wordpress\/plugins\/seo\/ -->\n<title>Ch\u00e1cara para Eventos em Arauc\u00e1ria | Ch\u00e1cara dos Pinheirais<\/title>\n<meta name=\"description\" content=\"Uma Ch\u00e1cara para Eventos em Arauc\u00e1ria completa. Local amplo para diversos tipos de eventos atendendo toda Curitiba e Regi\u00e3o.\" \/>\n<meta name=\"robots\" content=\"index, follow, max-snippet:-1, max-image-preview:large, max-video-preview:-1\" \/>\n<link rel=\"canonical\" href=\"https:\/\/michelealvino.com.br\/chacara\/\" \/>\n<meta property=\"og:locale\" content=\"pt_BR\" \/>\n<meta property=\"og:type\" content=\"article\" \/>\n<meta property=\"og:title\" content=\"Ch\u00e1cara para Eventos em Arauc\u00e1ria | Ch\u00e1cara dos Pinheirais\" \/>\n<meta property=\"og:description\" content=\"Uma Ch\u00e1cara para Eventos em Arauc\u00e1ria completa. Local amplo para diversos tipos de eventos atendendo toda Curitiba e Regi\u00e3o.\" \/>\n<meta property=\"og:url\" content=\"https:\/\/michelealvino.com.br\/chacara\/\" \/>\n<meta property=\"og:site_name\" content=\"Ch\u00e1cara\" \/>\n<meta property=\"article:modified_time\" content=\"2025-09-05T19:05:19+00:00\" \/>\n<meta name=\"twitter:card\" content=\"summary_large_image\" \/>\n<meta name=\"twitter:label1\" content=\"Est. tempo de leitura\" \/>\n\t<meta name=\"twitter:data1\" content=\"14 minutos\" \/>\n<script type=\"application\/ld+json\" class=\"yoast-schema-graph\">{\"@context\":\"https:\/\/schema.org\",\"@graph\":[{\"@type\":\"WebPage\",\"@id\":\"https:\/\/michelealvino.com.br\/chacara\/\",\"url\":\"https:\/\/michelealvino.com.br\/chacara\/\",\"name\":\"Ch\u00e1cara para Eventos em Arauc\u00e1ria | Ch\u00e1cara dos Pinheirais\",\"isPartOf\":{\"@id\":\"https:\/\/michelealvino.com.br\/chacara\/#website\"},\"datePublished\":\"2015-12-14T07:14:55+00:00\",\"dateModified\":\"2025-09-05T19:05:19+00:00\",\"description\":\"Uma Ch\u00e1cara para Eventos em Arauc\u00e1ria completa. Local amplo para diversos tipos de eventos atendendo toda Curitiba e Regi\u00e3o.\",\"breadcrumb\":{\"@id\":\"https:\/\/michelealvino.com.br\/chacara\/#breadcrumb\"},\"inLanguage\":\"pt-BR\",\"potentialAction\":[{\"@type\":\"ReadAction\",\"target\":[\"https:\/\/michelealvino.com.br\/chacara\/\"]}]},{\"@type\":\"BreadcrumbList\",\"@id\":\"https:\/\/michelealvino.com.br\/chacara\/#breadcrumb\",\"itemListElement\":[{\"@type\":\"ListItem\",\"position\":1,\"name\":\"In\u00edcio\",\"item\":\"https:\/\/michelealvino.com.br\/chacara\/\"},{\"@type\":\"ListItem\",\"position\":2,\"name\":\"Home\"}]},{\"@type\":\"WebSite\",\"@id\":\"https:\/\/michelealvino.com.br\/chacara\/#website\",\"url\":\"https:\/\/michelealvino.com.br\/chacara\/\",\"name\":\"Ch\u00e1cara dos Pinheirais\",\"description\":\"\",\"publisher\":{\"@id\":\"https:\/\/michelealvino.com.br\/chacara\/#organization\"},\"potentialAction\":[{\"@type\":\"SearchAction\",\"target\":{\"@type\":\"EntryPoint\",\"urlTemplate\":\"https:\/\/michelealvino.com.br\/chacara\/?s={search_term_string}\"},\"query-input\":{\"@type\":\"PropertyValueSpecification\",\"valueRequired\":true,\"valueName\":\"search_term_string\"}}],\"inLanguage\":\"pt-BR\"},{\"@type\":\"Organization\",\"@id\":\"https:\/\/michelealvino.com.br\/chacara\/#organization\",\"name\":\"Ch\u00e1cara dos Pinheirais\",\"url\":\"https:\/\/michelealvino.com.br\/chacara\/\",\"logo\":{\"@type\":\"ImageObject\",\"inLanguage\":\"pt-BR\",\"@id\":\"https:\/\/michelealvino.com.br\/chacara\/#\/schema\/logo\/image\/\",\"url\":\"https:\/\/michelealvino.com.br\/chacara\/wp-content\/uploads\/2025\/08\/Screenshot-from-2025-08-15-15-16-20.png\",\"contentUrl\":\"https:\/\/michelealvino.com.br\/chacara\/wp-content\/uploads\/2025\/08\/Screenshot-from-2025-08-15-15-16-20.png\",\"width\":812,\"height\":343,\"caption\":\"Ch\u00e1cara dos Pinheirais\"},\"image\":{\"@id\":\"https:\/\/michelealvino.com.br\/chacara\/#\/schema\/logo\/image\/\"}}]}<\/script>\n<!-- \/ Yoast SEO plugin. -->","yoast_head_json":{"title":"Ch\u00e1cara para Eventos em Arauc\u00e1ria | Ch\u00e1cara dos Pinheirais","description":"Uma Ch\u00e1cara para Eventos em Arauc\u00e1ria completa. Local amplo para diversos tipos de eventos atendendo toda Curitiba e Regi\u00e3o.","robots":{"index":"index","follow":"follow","max-snippet":"max-snippet:-1","max-image-preview":"max-image-preview:large","max-video-preview":"max-video-preview:-1"},"canonical":"https:\/\/michelealvino.com.br\/chacara\/","og_locale":"pt_BR","og_type":"article","og_title":"Ch\u00e1cara para Eventos em Arauc\u00e1ria | Ch\u00e1cara dos Pinheirais","og_description":"Uma Ch\u00e1cara para Eventos em Arauc\u00e1ria completa. Local amplo para diversos tipos de eventos atendendo toda Curitiba e Regi\u00e3o.","og_url":"https:\/\/michelealvino.com.br\/chacara\/","og_site_name":"Ch\u00e1cara","article_modified_time":"2025-09-05T19:05:19+00:00","twitter_card":"summary_large_image","twitter_misc":{"Est. tempo de leitura":"14 minutos"},"schema":{"@context":"https:\/\/schema.org","@graph":[{"@type":"WebPage","@id":"https:\/\/michelealvino.com.br\/chacara\/","url":"https:\/\/michelealvino.com.br\/chacara\/","name":"Ch\u00e1cara para Eventos em Arauc\u00e1ria | Ch\u00e1cara dos Pinheirais","isPartOf":{"@id":"https:\/\/michelealvino.com.br\/chacara\/#website"},"datePublished":"2015-12-14T07:14:55+00:00","dateModified":"2025-09-05T19:05:19+00:00","description":"Uma Ch\u00e1cara para Eventos em Arauc\u00e1ria completa. Local amplo para diversos tipos de eventos atendendo toda Curitiba e Regi\u00e3o.","breadcrumb":{"@id":"https:\/\/michelealvino.com.br\/chacara\/#breadcrumb"},"inLanguage":"pt-BR","potentialAction":[{"@type":"ReadAction","target":["https:\/\/michelealvino.com.br\/chacara\/"]}]},{"@type":"BreadcrumbList","@id":"https:\/\/michelealvino.com.br\/chacara\/#breadcrumb","itemListElement":[{"@type":"ListItem","position":1,"name":"In\u00edcio","item":"https:\/\/michelealvino.com.br\/chacara\/"},{"@type":"ListItem","position":2,"name":"Home"}]},{"@type":"WebSite","@id":"https:\/\/michelealvino.com.br\/chacara\/#website","url":"https:\/\/michelealvino.com.br\/chacara\/","name":"Ch\u00e1cara dos Pinheirais","description":"","publisher":{"@id":"https:\/\/michelealvino.com.br\/chacara\/#organization"},"potentialAction":[{"@type":"SearchAction","target":{"@type":"EntryPoint","urlTemplate":"https:\/\/michelealvino.com.br\/chacara\/?s={search_term_string}"},"query-input":{"@type":"PropertyValueSpecification","valueRequired":true,"valueName":"search_term_string"}}],"inLanguage":"pt-BR"},{"@type":"Organization","@id":"https:\/\/michelealvino.com.br\/chacara\/#organization","name":"Ch\u00e1cara dos Pinheirais","url":"https:\/\/michelealvino.com.br\/chacara\/","logo":{"@type":"ImageObject","inLanguage":"pt-BR","@id":"https:\/\/michelealvino.com.br\/chacara\/#\/schema\/logo\/image\/","url":"https:\/\/michelealvino.com.br\/chacara\/wp-content\/uploads\/2025\/08\/Screenshot-from-2025-08-15-15-16-20.png","contentUrl":"https:\/\/michelealvino.com.br\/chacara\/wp-content\/uploads\/2025\/08\/Screenshot-from-2025-08-15-15-16-20.png","width":812,"height":343,"caption":"Ch\u00e1cara dos Pinheirais"},"image":{"@id":"https:\/\/michelealvino.com.br\/chacara\/#\/schema\/logo\/image\/"}}]}},"_links":{"self":[{"href":"https:\/\/michelealvino.com.br\/chacara\/wp-json\/wp\/v2\/pages\/1071","targetHints":{"allow":["GET"]}}],"collection":[{"href":"https:\/\/michelealvino.com.br\/chacara\/wp-json\/wp\/v2\/pages"}],"about":[{"href":"https:\/\/michelealvino.com.br\/chacara\/wp-json\/wp\/v2\/types\/page"}],"author":[{"embeddable":true,"href":"https:\/\/michelealvino.com.br\/chacara\/wp-json\/wp\/v2\/users\/1"}],"replies":[{"embeddable":true,"href":"https:\/\/michelealvino.com.br\/chacara\/wp-json\/wp\/v2\/comments?post=1071"}],"version-history":[{"count":17,"href":"https:\/\/michelealvino.com.br\/chacara\/wp-json\/wp\/v2\/pages\/1071\/revisions"}],"predecessor-version":[{"id":7473,"href":"https:\/\/michelealvino.com.br\/chacara\/wp-json\/wp\/v2\/pages\/1071\/revisions\/7473"}],"wp:attachment":[{"href":"https:\/\/michelealvino.com.br\/chacara\/wp-json\/wp\/v2\/media?parent=1071"}],"curies":[{"name":"wp","href":"https:\/\/api.w.org\/{rel}","templated":true}]}}